{"id":184,"date":"2023-11-22T12:23:33","date_gmt":"2023-11-22T11:23:33","guid":{"rendered":"https:\/\/juttaplete.wz.cz\/?page_id=184"},"modified":"2025-02-20T16:35:22","modified_gmt":"2025-02-20T15:35:22","slug":"o-mne","status":"publish","type":"page","link":"https:\/\/kaku-handmade.cz\/en\/o-mne\/","title":{"rendered":"KAKU"},"content":{"rendered":"<div class=\"wp-block-columns is-layout-flex wp-container-core-columns-is-layout-28f84493 wp-block-columns-is-layout-flex\">\n<div class=\"wp-block-column is-layout-flow wp-block-column-is-layout-flow\" style=\"flex-basis:100%\">\n<div class=\"wp-block-group is-nowrap is-layout-flex wp-container-core-group-is-layout-f66f9956 wp-block-group-is-layout-flex\">\n<p class=\"has-normal-font-size\">to jsem j\u00e1, Kate Ku\u010derov\u00e1, milovnice kr\u00e1sn\u00fdch l\u00e1tek, nit\u00ed, n\u016f\u017eek, st\u0159ih\u016f a v\u0161eho, co souvis\u00ed se \u0161it\u00edm. Mou nejv\u011bt\u0161\u00ed v\u00e1\u0161n\u00ed posledn\u00edch let je v\u00fdroba barefoot bot. Boty \u0161iju p\u0159ev\u00e1\u017en\u011b na zak\u00e1zku podle obkresu nohy. V e-shopu najdete modely, kter\u00e9 jsem si cht\u011bla zkusit jen tak a m\u00e1m je skladem.<\/p>\n\n\n\n<figure class=\"wp-block-gallery has-nested-images columns-default is-cropped wp-block-gallery-1 is-layout-flex wp-block-gallery-is-layout-flex\">\n<figure class=\"wp-block-image size-large\"><img loading=\"lazy\" decoding=\"async\" width=\"1024\" height=\"1022\" data-id=\"2156\" src=\"https:\/\/kaku-handmade.cz\/wp-content\/uploads\/2024\/11\/153684707_264826821716643_2501555228044476631_n-1024x1022.webp\" alt=\"\" class=\"wp-image-2156\" srcset=\"https:\/\/kaku-handmade.cz\/wp-content\/uploads\/2024\/11\/153684707_264826821716643_2501555228044476631_n-1024x1022.webp 1024w, https:\/\/kaku-handmade.cz\/wp-content\/uploads\/2024\/11\/153684707_264826821716643_2501555228044476631_n-300x300.webp 300w, https:\/\/kaku-handmade.cz\/wp-content\/uploads\/2024\/11\/153684707_264826821716643_2501555228044476631_n-150x150.webp 150w, https:\/\/kaku-handmade.cz\/wp-content\/uploads\/2024\/11\/153684707_264826821716643_2501555228044476631_n-768x767.webp 768w, https:\/\/kaku-handmade.cz\/wp-content\/uploads\/2024\/11\/153684707_264826821716643_2501555228044476631_n-1536x1534.webp 1536w, https:\/\/kaku-handmade.cz\/wp-content\/uploads\/2024\/11\/153684707_264826821716643_2501555228044476631_n-324x324.webp 324w, https:\/\/kaku-handmade.cz\/wp-content\/uploads\/2024\/11\/153684707_264826821716643_2501555228044476631_n-416x415.webp 416w, https:\/\/kaku-handmade.cz\/wp-content\/uploads\/2024\/11\/153684707_264826821716643_2501555228044476631_n-100x100.webp 100w, https:\/\/kaku-handmade.cz\/wp-content\/uploads\/2024\/11\/153684707_264826821716643_2501555228044476631_n.webp 1920w\" sizes=\"auto, (max-width: 1024px) 100vw, 1024px\" \/><\/figure>\n<\/figure>\n<\/div>\n<\/div>\n<\/div>\n\n\n\n<div class=\"wp-block-group is-nowrap is-layout-flex wp-container-core-group-is-layout-6c531013 wp-block-group-is-layout-flex\"><\/div>\n\n\n\n<p><\/p>","protected":false},"excerpt":{"rendered":"<p>to jsem j\u00e1, Kate Ku\u010derov\u00e1, milovnice kr\u00e1sn\u00fdch l\u00e1tek, nit\u00ed, n\u016f\u017eek, st\u0159ih\u016f a v\u0161eho, co souvis\u00ed se \u0161it\u00edm. Mou nejv\u011bt\u0161\u00ed v\u00e1\u0161n\u00ed posledn\u00edch let je v\u00fdroba barefoot bot. Boty \u0161iju p\u0159ev\u00e1\u017en\u011b na zak\u00e1zku podle obkresu nohy. V e-shopu najdete modely, kter\u00e9 jsem si cht\u011bla zkusit jen tak a m\u00e1m je skladem.<\/p>","protected":false},"author":6,"featured_media":0,"parent":0,"menu_order":0,"comment_status":"closed","ping_status":"closed","template":"","meta":{"footnotes":""},"class_list":["post-184","page","type-page","status-publish","hentry"],"_links":{"self":[{"href":"https:\/\/kaku-handmade.cz\/en\/wp-json\/wp\/v2\/pages\/184","targetHints":{"allow":["GET"]}}],"collection":[{"href":"https:\/\/kaku-handmade.cz\/en\/wp-json\/wp\/v2\/pages"}],"about":[{"href":"https:\/\/kaku-handmade.cz\/en\/wp-json\/wp\/v2\/types\/page"}],"author":[{"embeddable":true,"href":"https:\/\/kaku-handmade.cz\/en\/wp-json\/wp\/v2\/users\/6"}],"replies":[{"embeddable":true,"href":"https:\/\/kaku-handmade.cz\/en\/wp-json\/wp\/v2\/comments?post=184"}],"version-history":[{"count":0,"href":"https:\/\/kaku-handmade.cz\/en\/wp-json\/wp\/v2\/pages\/184\/revisions"}],"wp:attachment":[{"href":"https:\/\/kaku-handmade.cz\/en\/wp-json\/wp\/v2\/media?parent=184"}],"curies":[{"name":"wp","href":"https:\/\/api.w.org\/{rel}","templated":true}]}}