{"id":186,"date":"2023-11-22T12:23:33","date_gmt":"2023-11-22T11:23:33","guid":{"rendered":"https:\/\/juttaplete.wz.cz\/?page_id=186"},"modified":"2025-02-20T16:58:25","modified_gmt":"2025-02-20T15:58:25","slug":"kontakt","status":"publish","type":"page","link":"https:\/\/kaku-handmade.cz\/en\/kontakt\/","title":{"rendered":"KONTAKTUJTE N\u00c1S"},"content":{"rendered":"<div class=\"wp-block-columns is-layout-flex wp-container-core-columns-is-layout-28f84493 wp-block-columns-is-layout-flex\">\n<div class=\"wp-block-column is-layout-flow wp-block-column-is-layout-flow\" style=\"flex-basis:100%\">\n<div class=\"wp-block-group\"><div class=\"wp-block-group__inner-container is-layout-constrained wp-block-group-is-layout-constrained\">\n<div class=\"wp-block-columns is-layout-flex wp-container-core-columns-is-layout-28f84493 wp-block-columns-is-layout-flex\">\n<div class=\"wp-block-column is-layout-flow wp-block-column-is-layout-flow\">\n<p><strong>Provozovatel: Kate\u0159ina Ku\u010derov\u00e1<\/strong><\/p>\n\n\n\n<p><strong>KAKU<\/strong><br>Na struze 155\/5, Olomouc, 77900, Czech republic<\/p>\n\n\n\n<p><strong>Facebook\u00a0<\/strong><a href=\"https:\/\/www.facebook.com\/groups\/KAKUU\">https:\/\/www.facebook.com\/groups\/KAKUU<\/a><br><strong>Instagram\u00a0<\/strong><a href=\"https:\/\/www.instagram.com\/barefoot_kaku\/\">https:\/\/www.instagram.com\/barefoot_kaku\/<\/a><\/p>\n\n\n\n<p><strong>E-mail:<\/strong>&nbsp;info@kaku-handmade.cz<br><strong>Telefon:<\/strong>&nbsp;+420 774 987 434<\/p>\n\n\n\n<p>Nejsme pl\u00e1tci DPH<\/p>\n\n\n\n<p>Nepodl\u00e9h\u00e1me EET<\/p>\n<\/div>\n\n\n\n<div class=\"wp-block-column is-layout-flow wp-block-column-is-layout-flow\">\n<div style=\"text-decoration:none; overflow:hidden;max-width:100%;width:500px;height:500px;\"><div id=\"google-maps-canvas\" style=\"height:100%; width:100%;max-width:100%;\"><iframe style=\"height:100%;width:100%;border:0;\" frameborder=\"0\" src=\"https:\/\/www.google.com\/maps\/embed\/v1\/place?q=Na+struze+155\/5+olomouc&#038;key=AIzaSyBFw0Qbyq9zTFTd-tUY6dZWTgaQzuU17R8\"><\/iframe><\/div><a class=\"the-googlemap-enabler\" href=\"https:\/\/www.bootstrapskins.com\/themes\" id=\"authmaps-data\">premium bootstrap themes<\/a><style>#google-maps-canvas img.text-marker{max-width:none!important;background:none!important;}img{max-width:none}<\/style><\/div>\n<\/div>\n<\/div>\n\n\n\n<p><\/p>\n<\/div><\/div>\n<\/div>\n<\/div>","protected":false},"excerpt":{"rendered":"<p>Provozovatel: Kate\u0159ina Ku\u010derov\u00e1 KAKUNa struze 155\/5, Olomouc, 77900, Czech republic Facebook\u00a0https:\/\/www.facebook.com\/groups\/KAKUUInstagram\u00a0https:\/\/www.instagram.com\/barefoot_kaku\/ E-mail:&nbsp;info@kaku-handmade.czTelefon:&nbsp;+420 774 987 434 Nejsme pl\u00e1tci DPH Nepodl\u00e9h\u00e1me EET premium bootstrap themes<\/p>","protected":false},"author":6,"featured_media":0,"parent":0,"menu_order":0,"comment_status":"closed","ping_status":"closed","template":"","meta":{"footnotes":""},"class_list":["post-186","page","type-page","status-publish","hentry"],"_links":{"self":[{"href":"https:\/\/kaku-handmade.cz\/en\/wp-json\/wp\/v2\/pages\/186","targetHints":{"allow":["GET"]}}],"collection":[{"href":"https:\/\/kaku-handmade.cz\/en\/wp-json\/wp\/v2\/pages"}],"about":[{"href":"https:\/\/kaku-handmade.cz\/en\/wp-json\/wp\/v2\/types\/page"}],"author":[{"embeddable":true,"href":"https:\/\/kaku-handmade.cz\/en\/wp-json\/wp\/v2\/users\/6"}],"replies":[{"embeddable":true,"href":"https:\/\/kaku-handmade.cz\/en\/wp-json\/wp\/v2\/comments?post=186"}],"version-history":[{"count":0,"href":"https:\/\/kaku-handmade.cz\/en\/wp-json\/wp\/v2\/pages\/186\/revisions"}],"wp:attachment":[{"href":"https:\/\/kaku-handmade.cz\/en\/wp-json\/wp\/v2\/media?parent=186"}],"curies":[{"name":"wp","href":"https:\/\/api.w.org\/{rel}","templated":true}]}}