{"id":2128,"date":"2024-11-17T15:24:17","date_gmt":"2024-11-17T14:24:17","guid":{"rendered":"http:\/\/127.0.0.1:8080\/?page_id=2128"},"modified":"2025-08-22T08:35:17","modified_gmt":"2025-08-22T07:35:17","slug":"boty-na-miru","status":"publish","type":"page","link":"https:\/\/kaku-handmade.cz\/en\/boty-na-miru\/","title":{"rendered":"Chci boty na m\u00edru"},"content":{"rendered":"<p id=\"wnd_TextBlock_441426795_inner_1\">Please indicate which shoes you are interested in on the form.&nbsp;<\/p>\n\n\n\n<p id=\"wnd_TextBlock_441426795_inner_2\">Baler\u00edny, polobotky (\u0161n\u011brovac\u00ed), chelsea, kotn\u00edkov\u00e9 (\u0161n\u011brovac\u00ed), v\u00e1lenky.<\/p>\n\n\n\n<p>Cen\u00edk bot naleznete <a href=\"\/en\/cenik\/\">zde<\/a>.<\/p>\n\n\n\n<p id=\"wnd_TextBlock_441426795_inner_3\">Doba dod\u00e1n\u00ed 1-2 m\u011bs\u00edce od objedn\u00e1n\u00ed.<\/p>\n\n\n\n<div class=\"wp-block-group\"><div class=\"wp-block-group__inner-container is-layout-constrained wp-block-group-is-layout-constrained\"><div class=\"wp-block-image\">\n<figure class=\"alignleft size-large\"><img loading=\"lazy\" decoding=\"async\" width=\"1024\" height=\"1022\" src=\"http:\/\/127.0.0.1:8080\/wp-content\/uploads\/2024\/11\/153684707_264826821716643_2501555228044476631_n-1024x1022.webp\" alt=\"\" class=\"wp-image-2156\" srcset=\"https:\/\/kaku-handmade.cz\/wp-content\/uploads\/2024\/11\/153684707_264826821716643_2501555228044476631_n-1024x1022.webp 1024w, https:\/\/kaku-handmade.cz\/wp-content\/uploads\/2024\/11\/153684707_264826821716643_2501555228044476631_n-300x300.webp 300w, https:\/\/kaku-handmade.cz\/wp-content\/uploads\/2024\/11\/153684707_264826821716643_2501555228044476631_n-150x150.webp 150w, https:\/\/kaku-handmade.cz\/wp-content\/uploads\/2024\/11\/153684707_264826821716643_2501555228044476631_n-768x767.webp 768w, https:\/\/kaku-handmade.cz\/wp-content\/uploads\/2024\/11\/153684707_264826821716643_2501555228044476631_n-1536x1534.webp 1536w, https:\/\/kaku-handmade.cz\/wp-content\/uploads\/2024\/11\/153684707_264826821716643_2501555228044476631_n-324x324.webp 324w, https:\/\/kaku-handmade.cz\/wp-content\/uploads\/2024\/11\/153684707_264826821716643_2501555228044476631_n-416x415.webp 416w, https:\/\/kaku-handmade.cz\/wp-content\/uploads\/2024\/11\/153684707_264826821716643_2501555228044476631_n-100x100.webp 100w, https:\/\/kaku-handmade.cz\/wp-content\/uploads\/2024\/11\/153684707_264826821716643_2501555228044476631_n.webp 1920w\" sizes=\"auto, (max-width: 1024px) 100vw, 1024px\" \/><\/figure>\n<\/div>\n\n<p class=\"wpcf7-contact-form-not-found\"><strong>Error:<\/strong> Contact form not found.<\/p>\n\n\n\n<p><\/p>\n<\/div><\/div>","protected":false},"excerpt":{"rendered":"<p>Do formul\u00e1\u0159e pros\u00edm uve\u010fte o jak\u00e9 boty m\u00e1te z\u00e1jem.&nbsp; Baler\u00edny, polobotky (\u0161n\u011brovac\u00ed), chelsea, kotn\u00edkov\u00e9 (\u0161n\u011brovac\u00ed), v\u00e1lenky. Cen\u00edk bot naleznete zde. Doba dod\u00e1n\u00ed 1-2 m\u011bs\u00edce od objedn\u00e1n\u00ed.<\/p>","protected":false},"author":6,"featured_media":0,"parent":0,"menu_order":0,"comment_status":"closed","ping_status":"closed","template":"","meta":{"footnotes":""},"class_list":["post-2128","page","type-page","status-publish","hentry"],"_links":{"self":[{"href":"https:\/\/kaku-handmade.cz\/en\/wp-json\/wp\/v2\/pages\/2128","targetHints":{"allow":["GET"]}}],"collection":[{"href":"https:\/\/kaku-handmade.cz\/en\/wp-json\/wp\/v2\/pages"}],"about":[{"href":"https:\/\/kaku-handmade.cz\/en\/wp-json\/wp\/v2\/types\/page"}],"author":[{"embeddable":true,"href":"https:\/\/kaku-handmade.cz\/en\/wp-json\/wp\/v2\/users\/6"}],"replies":[{"embeddable":true,"href":"https:\/\/kaku-handmade.cz\/en\/wp-json\/wp\/v2\/comments?post=2128"}],"version-history":[{"count":0,"href":"https:\/\/kaku-handmade.cz\/en\/wp-json\/wp\/v2\/pages\/2128\/revisions"}],"wp:attachment":[{"href":"https:\/\/kaku-handmade.cz\/en\/wp-json\/wp\/v2\/media?parent=2128"}],"curies":[{"name":"wp","href":"https:\/\/api.w.org\/{rel}","templated":true}]}}