{"id":2162,"date":"2024-11-17T15:53:11","date_gmt":"2024-11-17T14:53:11","guid":{"rendered":"http:\/\/127.0.0.1:8080\/?page_id=2162"},"modified":"2026-01-16T08:31:21","modified_gmt":"2026-01-16T07:31:21","slug":"cenik","status":"publish","type":"page","link":"https:\/\/kaku-handmade.cz\/en\/cenik\/","title":{"rendered":"Cen\u00edk"},"content":{"rendered":"<p><strong><mark style=\"background-color:rgba(0, 0, 0, 0)\" class=\"has-inline-color has-black-color\">Baler\u00edny<\/mark><\/strong><\/p>\n\n\n\n<p>S\u00ed\u0165ovan\u00e9 1950 CZK<\/p>\n\n\n\n<p>Ko\u017een\u00e9 s lemovac\u00ed gumi\u010dkou 2990 CZK<\/p>\n\n\n\n<p>Ko\u017een\u00e9 bez lemovac\u00ed gumi\u010dky 3000 CZK<\/p>\n\n\n\n<p>Miskov\u00e1 pode\u0161ev 200 CZK<\/p>\n\n\n\n<p><strong><mark style=\"background-color:rgba(0, 0, 0, 0)\" class=\"has-inline-color has-black-color\">Sand\u00e1ly<\/mark><\/strong><\/p>\n\n\n\n<p>S otev\u0159enou \u0161pi\u010dkou 2700 CZK<\/p>\n\n\n\n<p>S uzav\u0159enou \u0161pi\u010dkou 2800 CZK<\/p>\n\n\n\n<p><strong><mark style=\"background-color:rgba(0, 0, 0, 0)\" class=\"has-inline-color has-black-color\">Polobotky\/tenisky<\/mark><\/strong><\/p>\n\n\n\n<p>S\u00ed\u0165ovan\u00e9 3500 CZK<\/p>\n\n\n\n<p>Pl\u00e1t\u011bn\u00e9 3500 CZK<\/p>\n\n\n\n<p>Ko\u017een\u00e9 3990 CZK<\/p>\n\n\n\n<p>Miskov\u00e1 pode\u0161ev 200 CZK<\/p>\n\n\n\n<p><strong><mark style=\"background-color:rgba(0, 0, 0, 0)\" class=\"has-inline-color has-black-color\">Kotn\u00edkov\u00e9-\u0161n\u011brovac\u00ed<\/mark><\/strong><\/p>\n\n\n\n<p>Softshellov\u00e9 3600 CZK<\/p>\n\n\n\n<p>Ko\u017een\u00e9 4200 CZK<\/p>\n\n\n\n<p><strong><mark style=\"background-color:rgba(0, 0, 0, 0)\" class=\"has-inline-color has-black-color\">Chealsea do 18cm<\/mark><\/strong><\/p>\n\n\n\n<p>Softshellov\u00e9 3600 CZK<\/p>\n\n\n\n<p>Ko\u017een\u00e9 4290 CZK<\/p>\n\n\n\n<p><strong><mark style=\"background-color:rgba(0, 0, 0, 0)\" class=\"has-inline-color has-black-color\">Koza\u010dky<\/mark><\/strong><\/p>\n\n\n\n<p>Cena od 9000 K\u010d<\/p>\n\n\n\n<p><strong><mark style=\"background-color:rgba(0, 0, 0, 0)\" class=\"has-inline-color has-black-color\">Sn\u011bhulky<\/mark><\/strong><\/p>\n\n\n\n<p>Softshell\/k\u016f\u017ee 4100 K\u010d<\/p>\n\n\n\n<p><strong><mark style=\"background-color:rgba(0, 0, 0, 0)\" class=\"has-inline-color has-black-color\">Dopl\u0148kov\u00e9 produkty<\/mark><\/strong><\/p>\n\n\n\n<p>Merino vlo\u017eky nav\u00edc 190 CZK<\/p>\n\n\n\n<p>Traktorov\u00e1 pode\u0161ev 250 CZK<\/p>\n\n\n\n<p><\/p>","protected":false},"excerpt":{"rendered":"<p>Baler\u00edny S\u00ed\u0165ovan\u00e9 1950 CZK Ko\u017een\u00e9 s lemovac\u00ed gumi\u010dkou 2990 CZK Ko\u017een\u00e9 bez lemovac\u00ed gumi\u010dky 3000 CZK Miskov\u00e1 pode\u0161ev 200 CZK Sand\u00e1ly S otev\u0159enou \u0161pi\u010dkou 2700 CZK S uzav\u0159enou \u0161pi\u010dkou 2800 CZK Polobotky\/tenisky S\u00ed\u0165ovan\u00e9 3500 CZK Pl\u00e1t\u011bn\u00e9 3500 CZK Ko\u017een\u00e9 3990 CZK Miskov\u00e1 pode\u0161ev 200 CZK Kotn\u00edkov\u00e9-\u0161n\u011brovac\u00ed Softshellov\u00e9 3600 CZK Ko\u017een\u00e9 4200 CZK Chealsea do 18cm [&hellip;]<\/p>","protected":false},"author":6,"featured_media":0,"parent":0,"menu_order":0,"comment_status":"closed","ping_status":"closed","template":"","meta":{"footnotes":""},"class_list":["post-2162","page","type-page","status-publish","hentry"],"_links":{"self":[{"href":"https:\/\/kaku-handmade.cz\/en\/wp-json\/wp\/v2\/pages\/2162","targetHints":{"allow":["GET"]}}],"collection":[{"href":"https:\/\/kaku-handmade.cz\/en\/wp-json\/wp\/v2\/pages"}],"about":[{"href":"https:\/\/kaku-handmade.cz\/en\/wp-json\/wp\/v2\/types\/page"}],"author":[{"embeddable":true,"href":"https:\/\/kaku-handmade.cz\/en\/wp-json\/wp\/v2\/users\/6"}],"replies":[{"embeddable":true,"href":"https:\/\/kaku-handmade.cz\/en\/wp-json\/wp\/v2\/comments?post=2162"}],"version-history":[{"count":0,"href":"https:\/\/kaku-handmade.cz\/en\/wp-json\/wp\/v2\/pages\/2162\/revisions"}],"wp:attachment":[{"href":"https:\/\/kaku-handmade.cz\/en\/wp-json\/wp\/v2\/media?parent=2162"}],"curies":[{"name":"wp","href":"https:\/\/api.w.org\/{rel}","templated":true}]}}