{"id":3,"date":"2023-11-20T13:46:23","date_gmt":"2023-11-20T13:46:23","guid":{"rendered":"http:\/\/juttaplete.wz.cz\/?page_id=3"},"modified":"2024-11-17T19:08:20","modified_gmt":"2024-11-17T18:08:20","slug":"privacy-policy","status":"publish","type":"page","link":"https:\/\/kaku-handmade.cz\/en\/privacy-policy\/","title":{"rendered":"Ochrana osobn\u00edch \u00fadaj\u016f"},"content":{"rendered":"<h2 class=\"wp-block-heading\"><\/h2>\n\n\n\n<p>Prohl\u00e1\u0161en\u00ed o zpracov\u00e1n\u00ed osobn\u00edch \u00fadaj\u016f podle Na\u0159\u00edzen\u00ed Evropsk\u00e9ho parlamentu a Rady (EU) 2016\/679, ze dne 27. dubna 2016 o ochran\u011b fyzick\u00fdch osob v souvislosti se zpracov\u00e1n\u00edm osobn\u00edch \u00fadaj\u016f a o voln\u00e9m pohybu t\u011bchto \u00fadaj\u016f a o zru\u0161en\u00ed sm\u011brnice 95\/46\/ES (obecn\u00e9 na\u0159\u00edzen\u00ed o ochran\u011b osobn\u00edch \u00fadaj\u016f) (\u201eNa\u0159\u00edzen\u00ed\u201c)<\/p>\n\n\n\n<h3 class=\"wp-block-heading\">1. Kdo je spr\u00e1vcem va\u0161ich \u00fadaj\u016f?<\/h3>\n\n\n\n<p>Spr\u00e1vcem Va\u0161ich osobn\u00edch \u00fadaj\u016f je Kate\u0159ina Ku\u010derov\u00e1, se s\u00eddlem Na Struze 155\/5, 779 00 Olomouc, I\u010c: 08795851, zapsan\u00fd v obchodn\u00edm rejst\u0159\u00edku (\u201eSpr\u00e1vce\u201c), kter\u00fd je provozovatelem e-shopu www.kaku-handmade.cz (\u201eE-shop\u201c)<\/p>\n\n\n\n<p>Spr\u00e1vce m\u016f\u017eete kontaktovat na tel.\u010d. +420 774 987 434 a na e-mailov\u00e9 adrese: info@kaku-handmade.cz<\/p>\n\n\n\n<p>Spr\u00e1vce nejmenoval pov\u011b\u0159ence pro ochranu osobn\u00edch \u00fadaj\u016f.<\/p>\n\n\n\n<h3 class=\"wp-block-heading\">2. \u00da\u010dely zpracov\u00e1n\u00ed, pro kter\u00e9 jsou osobn\u00ed \u00fadaje ur\u010deny a pr\u00e1vn\u00ed z\u00e1klad zpracov\u00e1n\u00ed<\/h3>\n\n\n\n<p>Pr\u00e1vn\u00edm z\u00e1kladem zpracov\u00e1n\u00ed Va\u0161ich osobn\u00edch \u00fadaj\u016f je skute\u010dnost, \u017ee toto zpracov\u00e1n\u00ed je nezbytn\u00e9 pro:<\/p>\n\n\n\n<p>a) spln\u011bn\u00ed smlouvy mezi V\u00e1mi a Spr\u00e1vcem podle \u010dl\u00e1nku 6 odst. 1 p\u00edsm. b) Na\u0159\u00edzen\u00ed;<br>b) spln\u011bn\u00ed pr\u00e1vn\u00edch povinnost\u00ed, kter\u00e9 se na Spr\u00e1vce vztahuj\u00ed, podle \u010dl\u00e1nku 6 odst. 1 p\u00edsm. c) Na\u0159\u00edzen\u00ed, a to konkr\u00e9tn\u011b zejm\u00e9na spln\u011bn\u00ed povinnost\u00ed ulo\u017een\u00fdch Spr\u00e1vci obecn\u011b z\u00e1vazn\u00fdmi pr\u00e1vn\u00edmi p\u0159edpisy, zejm\u00e9na z\u00e1konem o dan\u00edch z p\u0159\u00edjm\u016f, z\u00e1konem o \u00fa\u010detnictv\u00ed apod.<br>c) \u00fa\u010dely opr\u00e1vn\u011bn\u00fdch z\u00e1jm\u016f Spr\u00e1vce podle \u010dl\u00e1nku 6 odst. 1, p\u00edsm. f) Na\u0159\u00edzen\u00ed.<\/p>\n\n\n\n<h3 class=\"wp-block-heading\">3. Jak\u00e9 \u00fadaje o V\u00e1s zpracov\u00e1v\u00e1me?<\/h3>\n\n\n\n<p>a) Osobn\u00ed \u00fadaje z\u00e1kazn\u00edk\u016f<\/p>\n\n\n\n<p>Spole\u010dnost zpracov\u00e1v\u00e1 Va\u0161e osobn\u00ed \u00fadaje za \u00fa\u010delem pln\u011bn\u00ed pr\u00e1v a povinnost\u00ed vypl\u00fdvaj\u00edc\u00edch z kupn\u00ed smlouvy a spln\u011bn\u00ed povinnost\u00ed, kter\u00e9 n\u00e1m ukl\u00e1d\u00e1 pr\u00e1vn\u00ed \u0159\u00e1d \u010cR.<\/p>\n\n\n\n<p>Spole\u010dnost zpracov\u00e1v\u00e1 Va\u0161e osobn\u00ed \u00fadaje v tomto rozsahu: jm\u00e9no, p\u0159\u00edjmen\u00ed, bydli\u0161t\u011b a kontaktn\u00ed adresa, bankovn\u00ed \u00fa\u010det, e-mail, telefonn\u00ed \u010d\u00edslo, \u010d\u00edslo, IP adresa.<\/p>\n\n\n\n<h3 class=\"wp-block-heading\">4. Opr\u00e1vn\u011bn\u00fd z\u00e1jem spr\u00e1vce<\/h3>\n\n\n\n<p>Spr\u00e1vce d\u00e1le zpracov\u00e1v\u00e1 Va\u0161e osobn\u00ed \u00fadaje za \u00fa\u010delem zas\u00edl\u00e1n\u00ed newsletter\u016f, podpory marketingu, m\u011b\u0159en\u00ed efektivity reklamn\u00edch sd\u011blen\u00ed, sledov\u00e1n\u00ed n\u00e1v\u0161t\u011bvnosti webov\u00fdch str\u00e1nek a statistik prodej\u016f.<\/p>\n\n\n\n<p><strong>a) Newsletter<\/strong><br>Od sv\u00fdch z\u00e1kazn\u00edk\u016f zpracov\u00e1v\u00e1 Spr\u00e1vce podrobnosti jejich elektronick\u00e9ho kontaktu pro elektronickou po\u0161tu (e-mail) v souvislosti s prodejem v\u00fdrobk\u016f, a tyto pak n\u00e1sledn\u011b vyu\u017e\u00edv\u00e1 pro pot\u0159eby \u0161\u00ed\u0159en\u00ed obchodn\u00edch sd\u011blen\u00ed (zas\u00edl\u00e1n\u00ed newsletter\u016f). Z\u00e1kazn\u00edci maj\u00ed v\u017edy jasnou a z\u0159etelnou mo\u017enost jednoduch\u00fdm zp\u016fsobem a zdarma zas\u00edl\u00e1n\u00ed newsletteru odm\u00edtnout.<\/p>\n\n\n\n<p>Spr\u00e1vce zpracov\u00e1v\u00e1 pouze nezbytn\u00e9 osobn\u00ed \u00fadaje (nap\u0159. e-mail) a v \u017e\u00e1dn\u00e9m p\u0159\u00edpad\u011b nezpracov\u00e1v\u00e1me zvl\u00e1\u0161tn\u00ed kategorie osobn\u00edch \u00fadaj\u016f. Spr\u00e1vce nevyu\u017e\u00edv\u00e1 technick\u00e9 ani jin\u00e9 prost\u0159edky a technologie, kter\u00fdmi by doch\u00e1zelo k nadm\u011brn\u00e9mu z\u00e1sahu do soukrom\u00ed subjekt\u016f a \u00fadaj\u016f.<\/p>\n\n\n\n<p><strong>b) Google Analytics<\/strong><br>Za \u00fa\u010delem sledov\u00e1n\u00ed n\u00e1v\u0161t\u011bvnosti webov\u00fdch str\u00e1nek Spr\u00e1vce pou\u017e\u00edv\u00e1 Google Analytics, d\u00edky kter\u00e9mu pak m\u016f\u017ee tento web l\u00e9pe optimalizovat (nap\u0159. kolik n\u00e1v\u0161t\u011bvn\u00edk\u016f nav\u0161t\u00edvilo web E-shopu, kolik si zobrazili str\u00e1nek, z jak\u00e9ho m\u00edsta (m\u011bsto, obec) str\u00e1nky nav\u0161t\u011bvuj\u00ed). Neprov\u00e1d\u00ed v\u0161ak profilov\u00e1n\u00ed, k tomu by pot\u0159eboval V\u00e1\u0161 souhlas.<\/p>\n\n\n\n<p><strong>c) Cookies<\/strong><br>Pro poskytov\u00e1n\u00ed maxim\u00e1ln\u00edho pohodl\u00ed u\u017eivatel\u016f nav\u0161t\u011bvuj\u00edc\u00edch webov\u00e9 str\u00e1nky na\u0161eho E-shopu pou\u017e\u00edv\u00e1me soubory cookies. Soubory cookies mohou b\u00fdt vyu\u017e\u00edv\u00e1ny i subjekty vkl\u00e1daj\u00edc\u00edmi reklamu na webovou str\u00e1nku a jin\u00fdmi partnery Spr\u00e1vce. Cookies jsou textov\u00e9 informace zas\u00edlan\u00e9 serverem a ukl\u00e1dan\u00e9 na za\u0159\u00edzen\u00ed, kter\u00e9 u\u017eivatel pou\u017e\u00edv\u00e1 k p\u0159\u00edstupu na webovou str\u00e1nku.<\/p>\n\n\n\n<p>Server E-shopu vyu\u017e\u00edv\u00e1 dva typy cookies. Prvn\u00ed jsou tzv. session cookies, kter\u00e9 jsou po ukon\u010den\u00ed n\u00e1v\u0161t\u011bvy u\u017eivatele webov\u00fdch str\u00e1nek automaticky smaz\u00e1ny. Tento druh soubor\u016f cookies pom\u00e1h\u00e1 Spole\u010dnosti zapamatovat si data o u\u017eivateli. \u010c\u00e1ste\u010dn\u011b jsou tak\u00e9 vyu\u017e\u00edv\u00e1ny ke statistick\u00fdm \u00fa\u010del\u016fm, aby Spr\u00e1vce mohl zjistit, kolik lid\u00ed nav\u0161t\u00edvilo jeho webovou str\u00e1nku a podle toho nap\u0159. vylep\u0161it obsah webov\u00fdch str\u00e1nek.<\/p>\n\n\n\n<p>Druh\u00fd typ souboru cookies jsou tzv. persistent cookies, kter\u00e9 z\u016fst\u00e1vaj\u00ed na po\u010d\u00edta\u010di \u010di v mobilu u\u017eivatele po dobu specifikovanou v parametrech cookies, nebo dokud nejsou z prohl\u00ed\u017ee\u010de vymaz\u00e1ny. Persistent cookies usnad\u0148uj\u00ed sd\u00edlen\u00ed informac\u00ed pomoc\u00ed plugin\u016f soci\u00e1ln\u00edch s\u00edt\u00ed (nap\u0159. Facebook.permanent popup counter), pom\u00e1haj\u00ed Spr\u00e1vci m\u011b\u0159it efektivitu reklamn\u00edch sd\u011blen\u00ed a limitovat zobrazov\u00e1n\u00ed reklamy.<\/p>\n\n\n\n<p>Soubory cookies nejsou nijak \u0161kodliv\u00e9, neobsahuj\u00ed viry, a proto V\u00e1m doporu\u010dujeme tyto soubory neblokovat. U\u017eivatel\u00e9 samoz\u0159ejm\u011b mohou nastaven\u00ed sv\u00e9ho webov\u00e9ho prohl\u00ed\u017ee\u010de zm\u011bnit tak, aby se \u017e\u00e1dn\u00e9 soubory cookies neukl\u00e1daly, resp. je mo\u017eno ji\u017e ulo\u017een\u00e9 cookies smazat.<\/p>\n\n\n\n<h3 class=\"wp-block-heading\">5. Komu Va\u0161e \u00fadaje p\u0159ed\u00e1v\u00e1me?<\/h3>\n\n\n\n<p>Spr\u00e1vce nep\u0159ed\u00e1v\u00e1 Va\u0161e osobn\u00ed \u00fadaje t\u0159et\u00edm stran\u00e1m. Z tohoto d\u016fvodu nejsou v tomto bod\u011b uvedeny dal\u0161\u00ed podrobnosti.<\/p>\n\n\n\n<h3 class=\"wp-block-heading\"><br>6. Doba, po kterou jsou osobn\u00ed \u00fadaje ulo\u017eeny<\/h3>\n\n\n\n<p>Obchodn\u00ed dokumentace se z\u00e1kazn\u00edky je uchov\u00e1v\u00e1na po dobu trv\u00e1n\u00ed smluvn\u00edho vztahu, prodlou\u017een\u00e9ho o dobu poskytnut\u00e9 z\u00e1ruky za jakost zbo\u017e\u00ed a d\u00e1le po dobu, kterou n\u00e1m ukl\u00e1daj\u00ed pr\u00e1vn\u00ed p\u0159edpisy (nap\u0159. z\u00e1kon o \u00fa\u010detnictv\u00ed, z\u00e1kon o dani z p\u0159idan\u00e9 hodnoty, z\u00e1kon o dani z p\u0159\u00edjmu apod.).<\/p>\n\n\n\n<p>Objedn\u00e1vky a uzav\u0159en\u00e9 kupn\u00ed smlouvy se z\u00e1kazn\u00edky, pop\u0159. dal\u0161\u00ed Va\u0161e \u00fadaje, kter\u00e9 jste n\u00e1m poskytli v souvislosti s n\u00e1kupem \u010di reklamac\u00ed zbo\u017e\u00ed, uchov\u00e1v\u00e1me po dobu neur\u010ditou.<\/p>\n\n\n\n<p>Osobn\u00ed \u00fadaje, kter\u00e9 o V\u00e1s m\u00e1me k dispozici v souvislosti s Va\u0161\u00ed registrac\u00ed v na\u0161em E-shopu, uchov\u00e1v\u00e1me neomezen\u011b dlouho. \u017d\u00e1dost o zru\u0161en\u00ed registrace a v\u00fdmaz \u00fadaj\u016f m\u016f\u017eete zaslat z e-mailov\u00e9 adresy, se kterou je registrace spojen\u00e1 na n\u00e1\u0161 e-mail info@kaku-handmade.cz<\/p>\n\n\n\n<h3 class=\"wp-block-heading\">7. Va\u0161e pr\u00e1va<\/h3>\n\n\n\n<p>Nem\u00e1te povinnost n\u00e1m Va\u0161e osobn\u00ed \u00fadaje poskytnout. Av\u0161ak poskytnut\u00ed Va\u0161ich osobn\u00edch \u00fadaj\u016f je nutn\u00fdm po\u017eadavkem pro uzav\u0159en\u00ed a pln\u011bn\u00ed smlouvy a bez poskytnut\u00ed Va\u0161ich osobn\u00edch \u00fadaj\u016f nen\u00ed mo\u017en\u00e9 smlouvu uzav\u0159\u00edt \u010di ji ze strany Spr\u00e1vce splnit.<\/p>\n\n\n\n<p>Spr\u00e1vce t\u00edmto informuje v\u0161echny subjekty \u00fadaj\u016f, kter\u00fdch se m\u016f\u017ee t\u00fdkat, zejm\u00e9na o pr\u00e1vu<br>(i) po\u017eadovat u Spr\u00e1vce p\u0159\u00edstup ke zpracov\u00e1van\u00fdm osobn\u00edm \u00fadaj\u016fm,<br>(ii) opravy \u00fadaj\u016f nebo v\u00fdmazu, pop\u0159. omezen\u00ed zpracov\u00e1n\u00ed,<br>(iii) vzn\u00e9st n\u00e1mitku proti zpracov\u00e1n\u00ed,<br>(iv) vzn\u00e9st n\u00e1mitku na p\u0159enositelnost \u00fadaj\u016f.<br>Tato pr\u00e1va je mo\u017eno uplatit u opr\u00e1vn\u011bn\u00e9 osoby prost\u0159ednictv\u00edm e-mailu info@kaku-handmade.cz.<\/p>\n\n\n\n<p>Kter\u00fdkoli subjekt \u00fadaj\u016f je opr\u00e1vn\u011bn kdykoli podat st\u00ed\u017enost u dozorov\u00e9ho org\u00e1nu v souvislosti se zpracov\u00e1n\u00edm osobn\u00edch \u00fadaj\u016f Spr\u00e1vcem. Kter\u00fdkoli subjekt \u00fadaj\u016f m\u00e1 pr\u00e1vo po\u017eadovat n\u00e1pravu situace, kter\u00e1 je v rozporu s pr\u00e1vn\u00edmi p\u0159edpisy, zejm\u00e9na formou pozastaven\u00ed nebo zastaven\u00ed nakl\u00e1d\u00e1n\u00ed s osobn\u00edmi \u00fadaji, jejich opravou, dopln\u011bn\u00edm \u010di odstran\u011bn\u00edm. M\u00e1te pr\u00e1vo kontaktovat \u00da\u0159ad pro ochranu osobn\u00edch \u00fadaj\u016f v p\u0159\u00edpad\u011b v\u00fd\u0161e uveden\u00e9ho podez\u0159en\u00ed nebo odm\u00edtnut\u00ed zajistit n\u00e1pravu situace, kter\u00e1 je v rozporu s pr\u00e1vn\u00edmi p\u0159edpisy.<\/p>\n\n\n\n<p>St\u00ed\u017enost je mo\u017eno podat u dozorov\u00e9ho org\u00e1nu, tj. \u00da\u0159adu pro ochranu osobn\u00edch \u00fadaj\u016f, se s\u00eddlem Pplk. Sochora 27, 170 00 Praha 7, web: www.uoou.cz, e-mail: posta@uoou.cz<\/p>\n\n\n\n<h3 class=\"wp-block-heading\">8. Automatizovan\u00e9 rozhodov\u00e1n\u00ed, v\u010detn\u011b profilov\u00e1n\u00ed<\/h3>\n\n\n\n<p>Spr\u00e1vce neprov\u00e1d\u00ed automatizovan\u00e9 rozhodov\u00e1n\u00ed ani profilov\u00e1n\u00ed, ani za t\u00edmto \u00fa\u010delem osobn\u00ed \u00fadaje neshroma\u017e\u010fuje a nezpracov\u00e1v\u00e1. Z tohoto d\u016fvodu nejsou v tomto bod\u011b uvedeny dal\u0161\u00ed podrobnosti.<\/p>\n\n\n\n<p>Tyto podm\u00ednky nab\u00fdvaj\u00ed \u00fa\u010dinnosti dnem 17.11.2024<\/p>","protected":false},"excerpt":{"rendered":"<p>Prohl\u00e1\u0161en\u00ed o zpracov\u00e1n\u00ed osobn\u00edch \u00fadaj\u016f podle Na\u0159\u00edzen\u00ed Evropsk\u00e9ho parlamentu a Rady (EU) 2016\/679, ze dne 27. dubna 2016 o ochran\u011b fyzick\u00fdch osob v souvislosti se zpracov\u00e1n\u00edm osobn\u00edch \u00fadaj\u016f a o voln\u00e9m pohybu t\u011bchto \u00fadaj\u016f a o zru\u0161en\u00ed sm\u011brnice 95\/46\/ES (obecn\u00e9 na\u0159\u00edzen\u00ed o ochran\u011b osobn\u00edch \u00fadaj\u016f) (\u201eNa\u0159\u00edzen\u00ed\u201c) 1. Kdo je spr\u00e1vcem va\u0161ich \u00fadaj\u016f? Spr\u00e1vcem Va\u0161ich osobn\u00edch [&hellip;]<\/p>","protected":false},"author":6,"featured_media":0,"parent":0,"menu_order":0,"comment_status":"closed","ping_status":"open","template":"","meta":{"footnotes":""},"class_list":["post-3","page","type-page","status-publish","hentry"],"_links":{"self":[{"href":"https:\/\/kaku-handmade.cz\/en\/wp-json\/wp\/v2\/pages\/3","targetHints":{"allow":["GET"]}}],"collection":[{"href":"https:\/\/kaku-handmade.cz\/en\/wp-json\/wp\/v2\/pages"}],"about":[{"href":"https:\/\/kaku-handmade.cz\/en\/wp-json\/wp\/v2\/types\/page"}],"author":[{"embeddable":true,"href":"https:\/\/kaku-handmade.cz\/en\/wp-json\/wp\/v2\/users\/6"}],"replies":[{"embeddable":true,"href":"https:\/\/kaku-handmade.cz\/en\/wp-json\/wp\/v2\/comments?post=3"}],"version-history":[{"count":0,"href":"https:\/\/kaku-handmade.cz\/en\/wp-json\/wp\/v2\/pages\/3\/revisions"}],"wp:attachment":[{"href":"https:\/\/kaku-handmade.cz\/en\/wp-json\/wp\/v2\/media?parent=3"}],"curies":[{"name":"wp","href":"https:\/\/api.w.org\/{rel}","templated":true}]}}