{"id":8,"date":"2023-11-20T13:47:18","date_gmt":"2023-11-20T13:47:18","guid":{"rendered":"http:\/\/juttaplete.wz.cz\/cart\/"},"modified":"2024-02-03T12:27:46","modified_gmt":"2024-02-03T11:27:46","slug":"kosik","status":"publish","type":"page","link":"https:\/\/kaku-handmade.cz\/en\/kosik\/","title":{"rendered":"Ko\u0161\u00edk"},"content":{"rendered":"<div data-block-name=\"woocommerce\/cart\" class=\"wp-block-woocommerce-cart alignwide is-loading\">\n<div data-block-name=\"woocommerce\/filled-cart-block\" class=\"wp-block-woocommerce-filled-cart-block\">\n<div data-block-name=\"woocommerce\/cart-items-block\" class=\"wp-block-woocommerce-cart-items-block\">\n<div data-block-name=\"woocommerce\/cart-line-items-block\" class=\"wp-block-woocommerce-cart-line-items-block\"><\/div>\n\n\n\n<div data-block-name=\"woocommerce\/cart-cross-sells-block\" class=\"wp-block-woocommerce-cart-cross-sells-block\">\n<p class=\"has-medium-font-size\">Mohlo by se v\u00e1m l\u00edbit&#8230;<\/p>\n\n\n\n<div data-block-name=\"woocommerce\/cart-cross-sells-products-block\" class=\"wp-block-woocommerce-cart-cross-sells-products-block\"><\/div>\n<\/div>\n<\/div>\n\n\n\n<div data-block-name=\"woocommerce\/cart-totals-block\" class=\"wp-block-woocommerce-cart-totals-block\">\n<div data-block-name=\"woocommerce\/cart-order-summary-block\" class=\"wp-block-woocommerce-cart-order-summary-block\">\n<div data-block-name=\"woocommerce\/cart-order-summary-heading-block\" class=\"wp-block-woocommerce-cart-order-summary-heading-block\"><\/div><div data-block-name=\"woocommerce\/cart-order-summary-coupon-form-block\" class=\"wp-block-woocommerce-cart-order-summary-coupon-form-block\"><\/div><div data-block-name=\"woocommerce\/cart-order-summary-totals-block\" class=\"wp-block-woocommerce-cart-order-summary-totals-block\">\n<div data-block-name=\"woocommerce\/cart-order-summary-subtotal-block\" class=\"wp-block-woocommerce-cart-order-summary-subtotal-block\"><\/div>\n<div data-block-name=\"woocommerce\/cart-order-summary-discount-block\" class=\"wp-block-woocommerce-cart-order-summary-discount-block\"><\/div>\n<div data-block-name=\"woocommerce\/cart-order-summary-fee-block\" class=\"wp-block-woocommerce-cart-order-summary-fee-block\"><\/div>\n<div data-block-name=\"woocommerce\/cart-order-summary-shipping-block\" class=\"wp-block-woocommerce-cart-order-summary-shipping-block\"><\/div>\n<div data-block-name=\"woocommerce\/cart-order-summary-taxes-block\" class=\"wp-block-woocommerce-cart-order-summary-taxes-block\"><\/div><\/div>\n<\/div>\n\n\n\n<div data-block-name=\"woocommerce\/cart-express-payment-block\" class=\"wp-block-woocommerce-cart-express-payment-block\"><\/div>\n\n\n\n<div data-block-name=\"woocommerce\/proceed-to-checkout-block\" class=\"wp-block-woocommerce-proceed-to-checkout-block\"><\/div>\n\n\n\n<div data-block-name=\"woocommerce\/cart-accepted-payment-methods-block\" class=\"wp-block-woocommerce-cart-accepted-payment-methods-block\"><\/div>\n<\/div>\n<\/div>\n\n\n\n<div data-block-name=\"woocommerce\/empty-cart-block\" class=\"wp-block-woocommerce-empty-cart-block\">\n<h2 class=\"wp-block-heading has-text-align-center with-empty-cart-icon wc-block-cart__empty-cart__title has-medium-font-size\">V\u00e1\u0161 ko\u0161\u00edk je pr\u00e1zdn\u00fd!<\/h2>\n\n\n\n<hr class=\"wp-block-separator has-alpha-channel-opacity is-style-dots\"\/>\n\n\n\n<h2 class=\"wp-block-heading has-text-align-center\">Mohlo by se v\u00e1m l\u00edbit&#8230;<\/h2>\n\n\n<div data-block-name=\"woocommerce\/product-new\" data-columns=\"4\" data-rows=\"1\" class=\"wc-block-grid wp-block-product-new wp-block-woocommerce-product-new wc-block-product-new has-4-columns\"><ul class=\"wc-block-grid__products\"><li class=\"wc-block-grid__product\">\n\t\t\t\t<a href=\"https:\/\/kaku-handmade.cz\/en\/product\/sitovane-kecky-cerne\/\" class=\"wc-block-grid__product-link\">\n\t\t\t\t\t\n\t\t\t\t\t<div class=\"wc-block-grid__product-image\"><img loading=\"lazy\" decoding=\"async\" width=\"324\" height=\"324\" src=\"https:\/\/kaku-handmade.cz\/wp-content\/uploads\/2026\/04\/482691960_558233326563768_7885642677092860754_n-324x324.jpg\" class=\"attachment-woocommerce_thumbnail size-woocommerce_thumbnail\" alt=\"S\u00ed\u0165ovan\u00e9 kecky-\u010dern\u00e9\" srcset=\"https:\/\/kaku-handmade.cz\/wp-content\/uploads\/2026\/04\/482691960_558233326563768_7885642677092860754_n-324x324.jpg 324w, https:\/\/kaku-handmade.cz\/wp-content\/uploads\/2026\/04\/482691960_558233326563768_7885642677092860754_n-150x150.jpg 150w, https:\/\/kaku-handmade.cz\/wp-content\/uploads\/2026\/04\/482691960_558233326563768_7885642677092860754_n-100x100.jpg 100w\" sizes=\"auto, (max-width: 324px) 100vw, 324px\" \/><\/div>\n\t\t\t\t\t<div class=\"wc-block-grid__product-title\">S\u00ed\u0165ovan\u00e9 kecky-\u010dern\u00e9<\/div>\n\t\t\t\t<\/a>\n\t\t\t\t<div class=\"wc-block-grid__product-price price\"><span class=\"woocommerce-Price-amount amount\">3500&nbsp;<span class=\"woocommerce-Price-currencySymbol\">&#075;&#269;<\/span><\/span><\/div>\n\t\t\t\t\n\t\t\t\t<div class=\"wp-block-button wc-block-grid__product-add-to-cart\"><a href=\"https:\/\/kaku-handmade.cz\/en\/product\/sitovane-kecky-cerne\/\" aria-label=\"Select options for \u201cS\u00ed\u0165ovan\u00e9 kecky-\u010dern\u00e9\u201d\" data-quantity=\"1\" data-product_id=\"2729\" data-product_sku=\"sitovane-kecky-cerne\" data-price=\"3500\" rel=\"nofollow\" class=\"wp-block-button__link  add_to_cart_button\" data-no-translation=\"\" data-trp-gettext=\"\" data-no-translation-aria-label=\"\">Select options<\/a><\/div>\n\t\t\t<\/li><li class=\"wc-block-grid__product\">\n\t\t\t\t<a href=\"https:\/\/kaku-handmade.cz\/en\/product\/sandalky-s-uazvrenou-spickou-elegant\/\" class=\"wc-block-grid__product-link\">\n\t\t\t\t\t\n\t\t\t\t\t<div class=\"wc-block-grid__product-image\"><img loading=\"lazy\" decoding=\"async\" width=\"324\" height=\"324\" src=\"https:\/\/kaku-handmade.cz\/wp-content\/uploads\/2026\/03\/att.8jefW-fCrNRhCmNqZQtoDH0bGKoS_fexwgoBRtsCXhU-324x324.jpeg\" class=\"attachment-woocommerce_thumbnail size-woocommerce_thumbnail\" alt=\"Sand\u00e1lky s uazv\u0159enou \u0161pi\u010dkou- elegant\" srcset=\"https:\/\/kaku-handmade.cz\/wp-content\/uploads\/2026\/03\/att.8jefW-fCrNRhCmNqZQtoDH0bGKoS_fexwgoBRtsCXhU-324x324.jpeg 324w, https:\/\/kaku-handmade.cz\/wp-content\/uploads\/2026\/03\/att.8jefW-fCrNRhCmNqZQtoDH0bGKoS_fexwgoBRtsCXhU-300x300.jpeg 300w, https:\/\/kaku-handmade.cz\/wp-content\/uploads\/2026\/03\/att.8jefW-fCrNRhCmNqZQtoDH0bGKoS_fexwgoBRtsCXhU-1022x1024.jpeg 1022w, https:\/\/kaku-handmade.cz\/wp-content\/uploads\/2026\/03\/att.8jefW-fCrNRhCmNqZQtoDH0bGKoS_fexwgoBRtsCXhU-150x150.jpeg 150w, https:\/\/kaku-handmade.cz\/wp-content\/uploads\/2026\/03\/att.8jefW-fCrNRhCmNqZQtoDH0bGKoS_fexwgoBRtsCXhU-768x770.jpeg 768w, https:\/\/kaku-handmade.cz\/wp-content\/uploads\/2026\/03\/att.8jefW-fCrNRhCmNqZQtoDH0bGKoS_fexwgoBRtsCXhU-1533x1536.jpeg 1533w, https:\/\/kaku-handmade.cz\/wp-content\/uploads\/2026\/03\/att.8jefW-fCrNRhCmNqZQtoDH0bGKoS_fexwgoBRtsCXhU-12x12.jpeg 12w, https:\/\/kaku-handmade.cz\/wp-content\/uploads\/2026\/03\/att.8jefW-fCrNRhCmNqZQtoDH0bGKoS_fexwgoBRtsCXhU-416x417.jpeg 416w, https:\/\/kaku-handmade.cz\/wp-content\/uploads\/2026\/03\/att.8jefW-fCrNRhCmNqZQtoDH0bGKoS_fexwgoBRtsCXhU-100x100.jpeg 100w, https:\/\/kaku-handmade.cz\/wp-content\/uploads\/2026\/03\/att.8jefW-fCrNRhCmNqZQtoDH0bGKoS_fexwgoBRtsCXhU.jpeg 2044w\" sizes=\"auto, (max-width: 324px) 100vw, 324px\" \/><\/div>\n\t\t\t\t\t<div class=\"wc-block-grid__product-title\">Sand\u00e1lky s uazv\u0159enou \u0161pi\u010dkou- elegant<\/div>\n\t\t\t\t<\/a>\n\t\t\t\t<div class=\"wc-block-grid__product-price price\"><span class=\"woocommerce-Price-amount amount\">2800&nbsp;<span class=\"woocommerce-Price-currencySymbol\">&#075;&#269;<\/span><\/span><\/div>\n\t\t\t\t\n\t\t\t\t<div class=\"wp-block-button wc-block-grid__product-add-to-cart\"><a href=\"https:\/\/kaku-handmade.cz\/en\/product\/sandalky-s-uazvrenou-spickou-elegant\/\" aria-label=\"Select options for \u201cSand\u00e1lky s uazv\u0159enou \u0161pi\u010dkou- elegant\u201d\" data-quantity=\"1\" data-product_id=\"2700\" data-product_sku=\"\" data-price=\"2800\" rel=\"nofollow\" class=\"wp-block-button__link  add_to_cart_button\" data-no-translation=\"\" data-trp-gettext=\"\" data-no-translation-aria-label=\"\">Select options<\/a><\/div>\n\t\t\t<\/li><li class=\"wc-block-grid__product\">\n\t\t\t\t<a href=\"https:\/\/kaku-handmade.cz\/en\/product\/minimalistke-kozene-psanicko-kremovo-stribrna\/\" class=\"wc-block-grid__product-link\">\n\t\t\t\t\t\n\t\t\t\t\t<div class=\"wc-block-grid__product-image\"><img loading=\"lazy\" decoding=\"async\" width=\"324\" height=\"324\" src=\"https:\/\/kaku-handmade.cz\/wp-content\/uploads\/2026\/02\/9af794c5-c510-470a-8208-e418156112af-324x324.jpeg\" class=\"attachment-woocommerce_thumbnail size-woocommerce_thumbnail\" alt=\"Minimalistk\u00e9 ko\u017een\u00e9 psan\u00ed\u010dko-kr\u00e9movo st\u0159\u00edbrn\u00e1\" srcset=\"https:\/\/kaku-handmade.cz\/wp-content\/uploads\/2026\/02\/9af794c5-c510-470a-8208-e418156112af-324x324.jpeg 324w, https:\/\/kaku-handmade.cz\/wp-content\/uploads\/2026\/02\/9af794c5-c510-470a-8208-e418156112af-300x300.jpeg 300w, https:\/\/kaku-handmade.cz\/wp-content\/uploads\/2026\/02\/9af794c5-c510-470a-8208-e418156112af-1024x1021.jpeg 1024w, https:\/\/kaku-handmade.cz\/wp-content\/uploads\/2026\/02\/9af794c5-c510-470a-8208-e418156112af-150x150.jpeg 150w, https:\/\/kaku-handmade.cz\/wp-content\/uploads\/2026\/02\/9af794c5-c510-470a-8208-e418156112af-768x766.jpeg 768w, https:\/\/kaku-handmade.cz\/wp-content\/uploads\/2026\/02\/9af794c5-c510-470a-8208-e418156112af-1536x1532.jpeg 1536w, https:\/\/kaku-handmade.cz\/wp-content\/uploads\/2026\/02\/9af794c5-c510-470a-8208-e418156112af-2048x2042.jpeg 2048w, https:\/\/kaku-handmade.cz\/wp-content\/uploads\/2026\/02\/9af794c5-c510-470a-8208-e418156112af-12x12.jpeg 12w, https:\/\/kaku-handmade.cz\/wp-content\/uploads\/2026\/02\/9af794c5-c510-470a-8208-e418156112af-416x415.jpeg 416w, https:\/\/kaku-handmade.cz\/wp-content\/uploads\/2026\/02\/9af794c5-c510-470a-8208-e418156112af-100x100.jpeg 100w\" sizes=\"auto, (max-width: 324px) 100vw, 324px\" \/><\/div>\n\t\t\t\t\t<div class=\"wc-block-grid__product-title\">Minimalistk\u00e9 ko\u017een\u00e9 psan\u00ed\u010dko-kr\u00e9movo st\u0159\u00edbrn\u00e1<\/div>\n\t\t\t\t<\/a>\n\t\t\t\t<div class=\"wc-block-grid__product-price price\"><span class=\"woocommerce-Price-amount amount\">1950&nbsp;<span class=\"woocommerce-Price-currencySymbol\">&#075;&#269;<\/span><\/span><\/div>\n\t\t\t\t\n\t\t\t\t<div class=\"wp-block-button wc-block-grid__product-add-to-cart\"><a href=\"\/en\/wp-json\/wp\/v2\/pages\/8?add-to-cart=2674\" aria-label=\"Add to cart: \u201cMinimalistk\u00e9 ko\u017een\u00e9 psan\u00ed\u010dko-kr\u00e9movo st\u0159\u00edbrn\u00e1\u201d\" data-quantity=\"1\" data-product_id=\"2674\" data-product_sku=\"minimalistke-kozene-psanicko-metalicka-modra-1\" data-price=\"1950\" rel=\"nofollow\" class=\"wp-block-button__link  add_to_cart_button ajax_add_to_cart\" data-no-translation=\"\" data-trp-gettext=\"\" data-no-translation-aria-label=\"\">Add to cart<\/a><\/div>\n\t\t\t<\/li><li class=\"wc-block-grid__product\">\n\t\t\t\t<a href=\"https:\/\/kaku-handmade.cz\/en\/product\/clip-go-4\/\" class=\"wc-block-grid__product-link\">\n\t\t\t\t\t\n\t\t\t\t\t<div class=\"wc-block-grid__product-image\"><img loading=\"lazy\" decoding=\"async\" width=\"324\" height=\"324\" src=\"https:\/\/kaku-handmade.cz\/wp-content\/uploads\/2026\/02\/ba00252b-95df-4df5-b861-254130032a58-324x324.jpeg\" class=\"attachment-woocommerce_thumbnail size-woocommerce_thumbnail\" alt=\"Clip &amp; go-\u010derven\u00e1\" srcset=\"https:\/\/kaku-handmade.cz\/wp-content\/uploads\/2026\/02\/ba00252b-95df-4df5-b861-254130032a58-324x324.jpeg 324w, https:\/\/kaku-handmade.cz\/wp-content\/uploads\/2026\/02\/ba00252b-95df-4df5-b861-254130032a58-300x300.jpeg 300w, https:\/\/kaku-handmade.cz\/wp-content\/uploads\/2026\/02\/ba00252b-95df-4df5-b861-254130032a58-150x150.jpeg 150w, https:\/\/kaku-handmade.cz\/wp-content\/uploads\/2026\/02\/ba00252b-95df-4df5-b861-254130032a58-768x768.jpeg 768w, https:\/\/kaku-handmade.cz\/wp-content\/uploads\/2026\/02\/ba00252b-95df-4df5-b861-254130032a58-12x12.jpeg 12w, https:\/\/kaku-handmade.cz\/wp-content\/uploads\/2026\/02\/ba00252b-95df-4df5-b861-254130032a58-416x416.jpeg 416w, https:\/\/kaku-handmade.cz\/wp-content\/uploads\/2026\/02\/ba00252b-95df-4df5-b861-254130032a58-100x100.jpeg 100w, https:\/\/kaku-handmade.cz\/wp-content\/uploads\/2026\/02\/ba00252b-95df-4df5-b861-254130032a58.jpeg 1024w\" sizes=\"auto, (max-width: 324px) 100vw, 324px\" \/><\/div>\n\t\t\t\t\t<div class=\"wc-block-grid__product-title\">Clip &amp; go-\u010derven\u00e1<\/div>\n\t\t\t\t<\/a>\n\t\t\t\t<div class=\"wc-block-grid__product-price price\"><span class=\"woocommerce-Price-amount amount\">190&nbsp;<span class=\"woocommerce-Price-currencySymbol\">&#075;&#269;<\/span><\/span><\/div>\n\t\t\t\t\n\t\t\t\t<div class=\"wp-block-button wc-block-grid__product-add-to-cart\"><a href=\"\/en\/wp-json\/wp\/v2\/pages\/8?add-to-cart=2664\" aria-label=\"Add to cart: \u201cClip &amp; go-\u010derven\u00e1\u201d\" data-quantity=\"1\" data-product_id=\"2664\" data-product_sku=\"clip-1\" data-price=\"190\" rel=\"nofollow\" class=\"wp-block-button__link  add_to_cart_button ajax_add_to_cart\" data-no-translation=\"\" data-trp-gettext=\"\" data-no-translation-aria-label=\"\">Add to cart<\/a><\/div>\n\t\t\t<\/li><\/ul><\/div><\/div>\n<\/div>","protected":false},"excerpt":{"rendered":"","protected":false},"author":6,"featured_media":0,"parent":0,"menu_order":0,"comment_status":"closed","ping_status":"closed","template":"","meta":{"footnotes":""},"class_list":["post-8","page","type-page","status-publish","hentry"],"_links":{"self":[{"href":"https:\/\/kaku-handmade.cz\/en\/wp-json\/wp\/v2\/pages\/8","targetHints":{"allow":["GET"]}}],"collection":[{"href":"https:\/\/kaku-handmade.cz\/en\/wp-json\/wp\/v2\/pages"}],"about":[{"href":"https:\/\/kaku-handmade.cz\/en\/wp-json\/wp\/v2\/types\/page"}],"author":[{"embeddable":true,"href":"https:\/\/kaku-handmade.cz\/en\/wp-json\/wp\/v2\/users\/6"}],"replies":[{"embeddable":true,"href":"https:\/\/kaku-handmade.cz\/en\/wp-json\/wp\/v2\/comments?post=8"}],"version-history":[{"count":0,"href":"https:\/\/kaku-handmade.cz\/en\/wp-json\/wp\/v2\/pages\/8\/revisions"}],"wp:attachment":[{"href":"https:\/\/kaku-handmade.cz\/en\/wp-json\/wp\/v2\/media?parent=8"}],"curies":[{"name":"wp","href":"https:\/\/api.w.org\/{rel}","templated":true}]}}