{"id":1831,"date":"2024-11-14T19:08:26","date_gmt":"2024-11-14T18:08:26","guid":{"rendered":"http:\/\/127.0.0.1:8080\/?post_type=product&#038;p=1831"},"modified":"2025-11-15T21:30:15","modified_gmt":"2025-11-15T20:30:15","slug":"sandalky-s-uzavrenou-spickou-konak","status":"publish","type":"product","link":"https:\/\/kaku-handmade.cz\/en\/product\/sandalky-s-uzavrenou-spickou-konak\/","title":{"rendered":"Sand\u00e1lky s uzav\u0159enou \u0161pi\u010dkou-ko\u0148ak"},"content":{"rendered":"<p>Barefoot elegantn\u00ed sand\u00e1le s uzav\u0159enou \u0161pi\u010dkou. Neomezuj\u00ed p\u0159irozen\u00fd tvar chodidla.<br \/>Vhodn\u00e9 na b\u011b\u017en\u00e9 no\u0161en\u00ed i na spole\u010densk\u00e9 akce.<br \/>36- D\u00e9lka st\u00e9lky 24,2 cm, obvod prstn\u00edch kloub\u016f 20,5-21,5 cm<br \/>37- D\u00e9lka st\u00e9lky 24,8 cm, obvod prstn\u00edch kloub\u016f 21-22 cm<br \/>38- D\u00e9lka st\u00e9lky 25,5 cm, obvod prstn\u00edch kloub\u016f 21,5-22,5 cm<br \/>39-D\u00e9lka st\u00e9lky 26cm, obvod prstn\u00edch kloub\u016f 23-24cm.<br \/>40-D\u00e9lka st\u00e9lky 26,7cm, obvod prstn\u00edch kloub\u016f 23-24cm<br \/>41- D\u00e9lka st\u00e9lky 27,4cm, obvod prstn\u00edch kloub\u016f 23,5-24,5cm<\/p>\n<p>Vrchn\u00ed materi\u00e1l: hov\u011bz\u00ed use\u0148<br \/>Vnit\u0159n\u00ed materi\u00e1l: vep\u0159ov\u00e1 use\u0148<\/p>","protected":false},"excerpt":{"rendered":"<p>Barefoot elegantn\u00ed sand\u00e1le s uzav\u0159enou \u0161pi\u010dkou. Neomezuj\u00ed p\u0159irozen\u00fd tvar chodidla.<\/p>","protected":false},"featured_media":1834,"template":"","meta":[],"product_brand":[],"product_cat":[54],"product_tag":[],"class_list":{"0":"post-1831","1":"product","2":"type-product","3":"status-publish","4":"has-post-thumbnail","6":"product_cat-sandalky","8":"first","9":"instock","10":"shipping-taxable","11":"purchasable","12":"product-type-variable","13":"has-default-attributes"},"_links":{"self":[{"href":"https:\/\/kaku-handmade.cz\/en\/wp-json\/wp\/v2\/product\/1831","targetHints":{"allow":["GET"]}}],"collection":[{"href":"https:\/\/kaku-handmade.cz\/en\/wp-json\/wp\/v2\/product"}],"about":[{"href":"https:\/\/kaku-handmade.cz\/en\/wp-json\/wp\/v2\/types\/product"}],"wp:featuredmedia":[{"embeddable":true,"href":"https:\/\/kaku-handmade.cz\/en\/wp-json\/wp\/v2\/media\/1834"}],"wp:attachment":[{"href":"https:\/\/kaku-handmade.cz\/en\/wp-json\/wp\/v2\/media?parent=1831"}],"wp:term":[{"taxonomy":"product_brand","embeddable":true,"href":"https:\/\/kaku-handmade.cz\/en\/wp-json\/wp\/v2\/product_brand?post=1831"},{"taxonomy":"product_cat","embeddable":true,"href":"https:\/\/kaku-handmade.cz\/en\/wp-json\/wp\/v2\/product_cat?post=1831"},{"taxonomy":"product_tag","embeddable":true,"href":"https:\/\/kaku-handmade.cz\/en\/wp-json\/wp\/v2\/product_tag?post=1831"}],"curies":[{"name":"wp","href":"https:\/\/api.w.org\/{rel}","templated":true}]}}