{"id":1879,"date":"2025-03-18T18:34:24","date_gmt":"2025-03-18T17:34:24","guid":{"rendered":"http:\/\/127.0.0.1:8080\/?post_type=product&#038;p=1879"},"modified":"2026-01-27T18:45:39","modified_gmt":"2026-01-27T17:45:39","slug":"konverz-kecky-2","status":"publish","type":"product","link":"https:\/\/kaku-handmade.cz\/en\/product\/konverz-kecky-2\/","title":{"rendered":"Konverz kecky"},"content":{"rendered":"<p>Stylov\u00e9 barefoot boty. Kop\u00edruj\u00ed tvar chodidla. Podr\u00e1\u017eka o tlou\u0161\u0165ce 4 mm umo\u017e\u0148uje kontakt se zem\u00ed. Jsou velmi lehk\u00e9.<\/p>\n<p>Materi\u00e1l svr\u0161ku: hov\u011bz\u00ed use\u0148<br \/>Pod\u0161\u00edvka: vep\u0159ovice<\/p>","protected":false},"excerpt":{"rendered":"<p>Stylov\u00e9 barefoot boty. Kop\u00edruj\u00ed tvar chodidla. Podr\u00e1\u017eka o tlou\u0161\u0165ce 4 mm umo\u017e\u0148uje kontakt se zem\u00ed. Jsou velmi lehk\u00e9.<\/p>","protected":false},"featured_media":1880,"template":"","meta":[],"product_brand":[],"product_cat":[56],"product_tag":[],"class_list":{"0":"post-1879","1":"product","2":"type-product","3":"status-publish","4":"has-post-thumbnail","6":"product_cat-polobotky-tenisky","8":"first","9":"instock","10":"shipping-taxable","11":"purchasable","12":"product-type-variable","13":"has-default-attributes"},"_links":{"self":[{"href":"https:\/\/kaku-handmade.cz\/en\/wp-json\/wp\/v2\/product\/1879","targetHints":{"allow":["GET"]}}],"collection":[{"href":"https:\/\/kaku-handmade.cz\/en\/wp-json\/wp\/v2\/product"}],"about":[{"href":"https:\/\/kaku-handmade.cz\/en\/wp-json\/wp\/v2\/types\/product"}],"wp:featuredmedia":[{"embeddable":true,"href":"https:\/\/kaku-handmade.cz\/en\/wp-json\/wp\/v2\/media\/1880"}],"wp:attachment":[{"href":"https:\/\/kaku-handmade.cz\/en\/wp-json\/wp\/v2\/media?parent=1879"}],"wp:term":[{"taxonomy":"product_brand","embeddable":true,"href":"https:\/\/kaku-handmade.cz\/en\/wp-json\/wp\/v2\/product_brand?post=1879"},{"taxonomy":"product_cat","embeddable":true,"href":"https:\/\/kaku-handmade.cz\/en\/wp-json\/wp\/v2\/product_cat?post=1879"},{"taxonomy":"product_tag","embeddable":true,"href":"https:\/\/kaku-handmade.cz\/en\/wp-json\/wp\/v2\/product_tag?post=1879"}],"curies":[{"name":"wp","href":"https:\/\/api.w.org\/{rel}","templated":true}]}}