{"id":1885,"date":"2024-11-15T16:39:45","date_gmt":"2024-11-15T15:39:45","guid":{"rendered":"http:\/\/127.0.0.1:8080\/?post_type=product&#038;p=1885"},"modified":"2025-06-16T12:40:30","modified_gmt":"2025-06-16T11:40:30","slug":"polobotky-elegant","status":"publish","type":"product","link":"https:\/\/kaku-handmade.cz\/en\/product\/polobotky-elegant\/","title":{"rendered":"Polobotky elegant"},"content":{"rendered":"<p>Polobotky jsou u\u0161it\u00e9 z kr\u00e9mov\u00e9 hladk\u00e9 k\u016f\u017ee. Bude se v nich dob\u0159e chodit v\u0161em, kdo maj\u00ed r\u00e1di barefootov\u00e9 boty, svobodn\u00e9 nohy a kontakt se zem\u00ed. Boty jsou navr\u017eeny a u\u0161ity tak, aby v nich noha mohla pracovat co nejp\u0159irozen\u011bji. Maj\u00ed prostornou \u0161pi\u010dku, prsty nejsou stla\u010dov\u00e1ny a deformov\u00e1ny. Pod\u0161\u00edvka je ze sv\u011btl\u00e9, jemn\u011bj\u0161\u00ed k\u016f\u017ee. Podr\u00e1\u017eka je tenk\u00e1 (3mm+ 1mm vzorek), ohebn\u00e1 p\u0159\u00ed\u010dn\u011b i pod\u00e9ln\u011b, umo\u017e\u0148uje c\u00edtit ter\u00e9n &#8211; d\u00edky tomu je chodidlo s ka\u017ed\u00fdm krokem p\u0159irozen\u011b mas\u00edrov\u00e1no. Boty jsou lehk\u00e9, pohodln\u00e9, vhodn\u00e9 k no\u0161en\u00ed od jara do podzimu.<\/p>\n<p>D\u00e9lka st\u00e9lky 24 cm, vhodn\u00e9 pro obvod prst\u016f 22 cm<\/p>","protected":false},"excerpt":{"rendered":"<p>Polobotky jsou u\u0161it\u00e9 z kr\u00e9mov\u00e9 hladk\u00e9 k\u016f\u017ee. Bude se v nich dob\u0159e chodit v\u0161em, kdo maj\u00ed r\u00e1di barefootov\u00e9 boty, svobodn\u00e9 nohy a kontakt se zem\u00ed.<\/p>","protected":false},"featured_media":1886,"template":"","meta":[],"product_brand":[],"product_cat":[56],"product_tag":[],"class_list":{"0":"post-1885","1":"product","2":"type-product","3":"status-publish","4":"has-post-thumbnail","6":"product_cat-polobotky-tenisky","8":"first","9":"instock","10":"sale","11":"shipping-taxable","12":"purchasable","13":"product-type-variable","14":"has-default-attributes"},"_links":{"self":[{"href":"https:\/\/kaku-handmade.cz\/en\/wp-json\/wp\/v2\/product\/1885","targetHints":{"allow":["GET"]}}],"collection":[{"href":"https:\/\/kaku-handmade.cz\/en\/wp-json\/wp\/v2\/product"}],"about":[{"href":"https:\/\/kaku-handmade.cz\/en\/wp-json\/wp\/v2\/types\/product"}],"wp:featuredmedia":[{"embeddable":true,"href":"https:\/\/kaku-handmade.cz\/en\/wp-json\/wp\/v2\/media\/1886"}],"wp:attachment":[{"href":"https:\/\/kaku-handmade.cz\/en\/wp-json\/wp\/v2\/media?parent=1885"}],"wp:term":[{"taxonomy":"product_brand","embeddable":true,"href":"https:\/\/kaku-handmade.cz\/en\/wp-json\/wp\/v2\/product_brand?post=1885"},{"taxonomy":"product_cat","embeddable":true,"href":"https:\/\/kaku-handmade.cz\/en\/wp-json\/wp\/v2\/product_cat?post=1885"},{"taxonomy":"product_tag","embeddable":true,"href":"https:\/\/kaku-handmade.cz\/en\/wp-json\/wp\/v2\/product_tag?post=1885"}],"curies":[{"name":"wp","href":"https:\/\/api.w.org\/{rel}","templated":true}]}}