{"id":1903,"date":"2024-11-15T16:56:23","date_gmt":"2024-11-15T15:56:23","guid":{"rendered":"http:\/\/127.0.0.1:8080\/?post_type=product&#038;p=1903"},"modified":"2025-11-15T21:46:49","modified_gmt":"2025-11-15T20:46:49","slug":"sitovky-sede","status":"publish","type":"product","link":"https:\/\/kaku-handmade.cz\/en\/product\/sitovky-sede\/","title":{"rendered":"S\u00ed\u0165ovky-\u0161ed\u00e9"},"content":{"rendered":"<p>Vzdu\u0161n\u00e9 barefoot baler\u00edny ze s\u00ed\u0165oviny. Pata vyztu\u017een\u00e1, \u0161pi\u010dka bez vyztu\u017een\u00ed, pod\u0161\u00edvka ve \u0161pi\u010dce a v pat\u011b vep\u0159ov\u00e1 k\u016f\u017ee. R\u00e1mek okolo boty ochr\u00e1n\u00ed botu proti okopu.<br \/>37-D\u00e9lka 24,5 cm, obvod prstn\u00edch klub\u016f 22,5-23,5 cm (nej\u0161ir\u0161\u00ed m\u00edsto)<br \/>38-D\u00e9lka 25,2 cm, obvod prstn\u00edch klub\u016f 23-24 cm (nej\u0161ir\u0161\u00ed m\u00edsto)<br \/>39-D\u00e9lka 25,8 cm, obvod prstn\u00edch kloub\u016f 23-24 cm (nej\u0161ir\u0161\u00ed m\u00edsto p\u0159es prsty)<br \/>40-D\u00e9lka 26,5 cm, obvod prstn\u00edch kloub\u016f 23,5-24,5 cm (nej\u0161ir\u0161\u00ed m\u00edsto p\u0159es prsty)<br \/>41-D\u00e9lka 27,1 cm, obvod prstn\u00edch kloub\u016f 24-25 cm (nej\u0161ir\u0161\u00ed m\u00edsto p\u0159es prsty)<br \/>Vrchn\u00ed materi\u00e1l: s\u00ed\u0165ovina<br \/>Pod\u0161\u00edvka: vep\u0159ovice<br \/>Tlou\u0161\u0165ka pode\u0161ve: 3 mm, zero drop.<\/p>","protected":false},"excerpt":{"rendered":"<p>Vzdu\u0161n\u00e9 barefoot baler\u00edny ze s\u00ed\u0165oviny. <\/p>","protected":false},"featured_media":1904,"template":"","meta":[],"product_brand":[],"product_cat":[55],"product_tag":[],"class_list":{"0":"post-1903","1":"product","2":"type-product","3":"status-publish","4":"has-post-thumbnail","6":"product_cat-baleriny","8":"first","9":"instock","10":"shipping-taxable","11":"purchasable","12":"product-type-variable","13":"has-default-attributes"},"_links":{"self":[{"href":"https:\/\/kaku-handmade.cz\/en\/wp-json\/wp\/v2\/product\/1903","targetHints":{"allow":["GET"]}}],"collection":[{"href":"https:\/\/kaku-handmade.cz\/en\/wp-json\/wp\/v2\/product"}],"about":[{"href":"https:\/\/kaku-handmade.cz\/en\/wp-json\/wp\/v2\/types\/product"}],"wp:featuredmedia":[{"embeddable":true,"href":"https:\/\/kaku-handmade.cz\/en\/wp-json\/wp\/v2\/media\/1904"}],"wp:attachment":[{"href":"https:\/\/kaku-handmade.cz\/en\/wp-json\/wp\/v2\/media?parent=1903"}],"wp:term":[{"taxonomy":"product_brand","embeddable":true,"href":"https:\/\/kaku-handmade.cz\/en\/wp-json\/wp\/v2\/product_brand?post=1903"},{"taxonomy":"product_cat","embeddable":true,"href":"https:\/\/kaku-handmade.cz\/en\/wp-json\/wp\/v2\/product_cat?post=1903"},{"taxonomy":"product_tag","embeddable":true,"href":"https:\/\/kaku-handmade.cz\/en\/wp-json\/wp\/v2\/product_tag?post=1903"}],"curies":[{"name":"wp","href":"https:\/\/api.w.org\/{rel}","templated":true}]}}