{"id":2471,"date":"2025-06-16T12:43:26","date_gmt":"2025-06-16T11:43:26","guid":{"rendered":"https:\/\/kaku-handmade.cz\/?post_type=product&#038;p=2471"},"modified":"2026-01-27T18:46:27","modified_gmt":"2026-01-27T17:46:27","slug":"sitovane-kecky-stribrne","status":"publish","type":"product","link":"https:\/\/kaku-handmade.cz\/en\/product\/sitovane-kecky-stribrne\/","title":{"rendered":"S\u00ed\u0165ovan\u00e9 kecky-st\u0159\u00edbrn\u00e9"},"content":{"rendered":"<p>Stylov\u00e9 barefoot boty. Kop\u00edruj\u00ed tvar chodidla. Podr\u00e1\u017eka o tlou\u0161\u0165ce 4 mm umo\u017e\u0148uje kontakt se zem\u00ed. Jsou velmi lehk\u00e9.<\/p>\n<p>Materi\u00e1l svr\u0161ku: 3D S\u00ed\u0165ovina (PES), hov\u011bz\u00ed use\u0148<br \/>Pod\u0161\u00edvka: vep\u0159ovice<\/p>","protected":false},"excerpt":{"rendered":"<p>S\u00ed\u0165ovan\u00e9 kecky<\/p>","protected":false},"featured_media":2461,"template":"","meta":[],"product_brand":[],"product_cat":[56],"product_tag":[],"class_list":{"0":"post-2471","1":"product","2":"type-product","3":"status-publish","4":"has-post-thumbnail","6":"product_cat-polobotky-tenisky","8":"first","9":"instock","10":"shipping-taxable","11":"purchasable","12":"product-type-variable","13":"has-default-attributes"},"_links":{"self":[{"href":"https:\/\/kaku-handmade.cz\/en\/wp-json\/wp\/v2\/product\/2471","targetHints":{"allow":["GET"]}}],"collection":[{"href":"https:\/\/kaku-handmade.cz\/en\/wp-json\/wp\/v2\/product"}],"about":[{"href":"https:\/\/kaku-handmade.cz\/en\/wp-json\/wp\/v2\/types\/product"}],"wp:featuredmedia":[{"embeddable":true,"href":"https:\/\/kaku-handmade.cz\/en\/wp-json\/wp\/v2\/media\/2461"}],"wp:attachment":[{"href":"https:\/\/kaku-handmade.cz\/en\/wp-json\/wp\/v2\/media?parent=2471"}],"wp:term":[{"taxonomy":"product_brand","embeddable":true,"href":"https:\/\/kaku-handmade.cz\/en\/wp-json\/wp\/v2\/product_brand?post=2471"},{"taxonomy":"product_cat","embeddable":true,"href":"https:\/\/kaku-handmade.cz\/en\/wp-json\/wp\/v2\/product_cat?post=2471"},{"taxonomy":"product_tag","embeddable":true,"href":"https:\/\/kaku-handmade.cz\/en\/wp-json\/wp\/v2\/product_tag?post=2471"}],"curies":[{"name":"wp","href":"https:\/\/api.w.org\/{rel}","templated":true}]}}