{"id":2562,"date":"2025-11-10T10:03:17","date_gmt":"2025-11-10T09:03:17","guid":{"rendered":"https:\/\/kaku-handmade.cz\/?post_type=product&#038;p=2562"},"modified":"2026-01-29T11:27:07","modified_gmt":"2026-01-29T10:27:07","slug":"kotnikove-derby-3","status":"publish","type":"product","link":"https:\/\/kaku-handmade.cz\/en\/product\/kotnikove-derby-3\/","title":{"rendered":"Kotn\u00edkov\u00e9 derby"},"content":{"rendered":"<p>Ru\u010dn\u011b vyroben\u00e9 kotn\u00edkov\u00e9 barefoot boty, kter\u00e9 spojuj\u00ed elegancia s p\u0159irozen\u00fdm pohodl\u00edm.<br \/>Vrchn\u00ed \u010d\u00e1st je z kvalitn\u00ed hov\u011bz\u00ed usn\u011b, jsou pod\u0161it\u00e9 m\u011bkkou vep\u0159ovou k\u016f\u017e\u00ed pro p\u0159\u00edjemn\u00fd kontakt s nohou.<br \/>Ohebn\u00e1 traktorov\u00e1 pode\u0161ev zaji\u0161\u0165uje jist\u00fd krok a p\u0159itom zachov\u00e1v\u00e1 typickou lehkost a flexibilitu barefoot obuvi.<\/p>\n<p>P\u00e1sky s jemn\u00fdmi perli\u010dkami a kovov\u00fdmi p\u0159ezkami dod\u00e1vaj\u00ed bot\u00e1m osobit\u00fd vzhled &#8211; \u017eensk\u00fd, ale siln\u00fd.<br \/>Bo\u010dn\u00ed zip usnad\u0148uje obouv\u00e1n\u00ed, tak\u017ee pohodl\u00ed m\u00e1\u0161 od prvn\u00edho kroku.<\/p>\n<p>Ka\u017ed\u00fd p\u00e1r vyr\u00e1b\u00edm v m\u00e9 mal\u00e9 d\u00edln\u011b, s d\u016frazem na detail a kvalitu.<\/p>\n<p>39-d\u00e9lka st\u00e9lky 25,8cm (vhodn\u00e9 na obvod prst\u016f 23-24,5cm. <\/p>","protected":false},"excerpt":{"rendered":"<p><strong>Unik\u00e1tn\u00ed p\u00e1r, zat\u00edm jen ve velikosti 39.<\/strong><br \/>Kotn\u00edkov\u00e9 barefoot boty, kter\u00e9 jsou skv\u011bl\u00fdm spole\u010dn\u00edkem na podzimn\u00ed a zimn\u00ed sychrav\u00e9 dny.<\/p>","protected":false},"featured_media":2563,"template":"","meta":[],"product_brand":[],"product_cat":[58],"product_tag":[],"class_list":{"0":"post-2562","1":"product","2":"type-product","3":"status-publish","4":"has-post-thumbnail","6":"product_cat-kotnikove","8":"first","9":"instock","10":"shipping-taxable","11":"purchasable","12":"product-type-variable","13":"has-default-attributes"},"_links":{"self":[{"href":"https:\/\/kaku-handmade.cz\/en\/wp-json\/wp\/v2\/product\/2562","targetHints":{"allow":["GET"]}}],"collection":[{"href":"https:\/\/kaku-handmade.cz\/en\/wp-json\/wp\/v2\/product"}],"about":[{"href":"https:\/\/kaku-handmade.cz\/en\/wp-json\/wp\/v2\/types\/product"}],"wp:featuredmedia":[{"embeddable":true,"href":"https:\/\/kaku-handmade.cz\/en\/wp-json\/wp\/v2\/media\/2563"}],"wp:attachment":[{"href":"https:\/\/kaku-handmade.cz\/en\/wp-json\/wp\/v2\/media?parent=2562"}],"wp:term":[{"taxonomy":"product_brand","embeddable":true,"href":"https:\/\/kaku-handmade.cz\/en\/wp-json\/wp\/v2\/product_brand?post=2562"},{"taxonomy":"product_cat","embeddable":true,"href":"https:\/\/kaku-handmade.cz\/en\/wp-json\/wp\/v2\/product_cat?post=2562"},{"taxonomy":"product_tag","embeddable":true,"href":"https:\/\/kaku-handmade.cz\/en\/wp-json\/wp\/v2\/product_tag?post=2562"}],"curies":[{"name":"wp","href":"https:\/\/api.w.org\/{rel}","templated":true}]}}