{"id":2581,"date":"2025-11-15T15:03:07","date_gmt":"2025-11-15T14:03:07","guid":{"rendered":"https:\/\/kaku-handmade.cz\/?post_type=product&#038;p=2581"},"modified":"2026-01-27T18:42:44","modified_gmt":"2026-01-27T17:42:44","slug":"chelsea-merino","status":"publish","type":"product","link":"https:\/\/kaku-handmade.cz\/en\/product\/chelsea-merino\/","title":{"rendered":"Zimn\u00ed barefoot boty-Chelsea Merino"},"content":{"rendered":"<p>Ru\u010dn\u011b vyr\u00e1b\u011bn\u00e9 chelsea barefoot boty, jsou navr\u017eeny pro ty, kte\u0159\u00ed cht\u011bj\u00ed pohodl\u00ed a volnost i v chladn\u011bj\u0161\u00edm obdob\u00ed.<\/p>\n<p>H\u0159ejiv\u00fd vnit\u0159ek- boty jsou zateplen\u00e9 merinem, kter\u00e9 vytv\u00e1\u0159\u00ed m\u011bkk\u00e9 a p\u0159\u00edjemn\u00e9 teplo. Skv\u011bl\u00e9 pro ty, kte\u0159\u00ed v zim\u011b trp\u00ed.<\/p>\n<p>Klasick\u00fd chelsea st\u0159ih s elastick\u00fdmi vsadkami usnad\u0148uje obouv\u00e1n\u00ed a z\u00e1rove\u0148 dr\u017e\u00ed botu p\u011bkn\u011b na noze.<\/p>\n<p>6mm flexibiln\u00ed podr\u00e1\u017eka-Tenk\u00e1, lehk\u00e1 a maxim\u00e1ln\u011b ohebn\u00e1. Podporuje p\u0159irozen\u00fd pohyb chodidla a umo\u017e\u0148uje c\u00edtit ter\u00e9n, ani\u017e by brala pohodl\u00ed. <\/p>\n<p>38-d\u00e9lka 25,2 cm, obvod prstn\u00edch kloub\u016f 23 cm (nej\u0161ir\u0161\u00ed m\u00edsto). v\u00fd\u0161ka boty 18 cm. <\/p>","protected":false},"excerpt":{"rendered":"<p>Tepl\u00e9, merinem pod\u0161it\u00e9 barefoot chelsea boty z hov\u011bz\u00ed k\u016f\u017ee a 6mm flexibiln\u00ed podr\u00e1\u017ekou.<\/p>","protected":false},"featured_media":2586,"template":"","meta":[],"product_brand":[],"product_cat":[58],"product_tag":[],"class_list":{"0":"post-2581","1":"product","2":"type-product","3":"status-publish","4":"has-post-thumbnail","6":"product_cat-kotnikove","8":"first","9":"instock","10":"sale","11":"shipping-taxable","12":"purchasable","13":"product-type-variable","14":"has-default-attributes"},"_links":{"self":[{"href":"https:\/\/kaku-handmade.cz\/en\/wp-json\/wp\/v2\/product\/2581","targetHints":{"allow":["GET"]}}],"collection":[{"href":"https:\/\/kaku-handmade.cz\/en\/wp-json\/wp\/v2\/product"}],"about":[{"href":"https:\/\/kaku-handmade.cz\/en\/wp-json\/wp\/v2\/types\/product"}],"wp:featuredmedia":[{"embeddable":true,"href":"https:\/\/kaku-handmade.cz\/en\/wp-json\/wp\/v2\/media\/2586"}],"wp:attachment":[{"href":"https:\/\/kaku-handmade.cz\/en\/wp-json\/wp\/v2\/media?parent=2581"}],"wp:term":[{"taxonomy":"product_brand","embeddable":true,"href":"https:\/\/kaku-handmade.cz\/en\/wp-json\/wp\/v2\/product_brand?post=2581"},{"taxonomy":"product_cat","embeddable":true,"href":"https:\/\/kaku-handmade.cz\/en\/wp-json\/wp\/v2\/product_cat?post=2581"},{"taxonomy":"product_tag","embeddable":true,"href":"https:\/\/kaku-handmade.cz\/en\/wp-json\/wp\/v2\/product_tag?post=2581"}],"curies":[{"name":"wp","href":"https:\/\/api.w.org\/{rel}","templated":true}]}}