{"id":2625,"date":"2026-01-20T14:31:53","date_gmt":"2026-01-20T13:31:53","guid":{"rendered":"https:\/\/kaku-handmade.cz\/?post_type=product&#038;p=2625"},"modified":"2026-02-02T10:45:54","modified_gmt":"2026-02-02T09:45:54","slug":"minimalistke-kozene-psanicko-metalicka-modra","status":"publish","type":"product","link":"https:\/\/kaku-handmade.cz\/en\/product\/minimalistke-kozene-psanicko-metalicka-modra\/","title":{"rendered":"Minimalistk\u00e9 ko\u017een\u00e9 psan\u00ed\u010dko-metalick\u00e1 modr\u00e1"},"content":{"rendered":"<p>Minimalistick\u00e9 ko\u017een\u00e9 psan\u00ed\u010dko v metalick\u00e9 modr\u00e9 je navr\u017eeno jako praktick\u00fd a z\u00e1rove\u0148 v\u00fdrazn\u00fd dopln\u011bk, kter\u00fd podtrhne outfit, ani\u017e by ho p\u0159ehlu\u0161il. Jemn\u00fd lesk k\u016f\u017ee reaguje na sv\u011btlo a dod\u00e1v\u00e1 kabelce elegantn\u00ed, ale neok\u00e1zal\u00fd charakter.<\/p>\n<p>Kabelka je ru\u010dn\u011b vyrobena z kvalitn\u00ed k\u016f\u017ee, kter\u00e1 \u010dasem z\u00edsk\u00e1v\u00e1 p\u0159irozenou patinu. D\u00edky odep\u00ednac\u00edmu popruhu ji m\u016f\u017ee\u0161 nosit jako psan\u00ed\u010dko do ruky nebo jako malou kabelku p\u0159es rameno \u2013 podle n\u00e1lady i p\u0159\u00edle\u017eitosti.<\/p>\n<p>Vznik\u00e1 v mal\u00e9m mno\u017estv\u00ed, pomalu a s d\u016frazem na detail. Ka\u017ed\u00fd kus je origin\u00e1l, vytvo\u0159en\u00fd jako sou\u010d\u00e1st slow fashion p\u0159\u00edstupu, kde m\u00e1 materi\u00e1l, pr\u00e1ce i \u010das skute\u010dnou hodnotu.<\/p>","protected":false},"excerpt":{"rendered":"<p>Ru\u010dn\u011b vyroben\u00e9 psan\u00ed\u010dko z prav\u00e9 k\u016f\u017ee,<br \/>metalick\u00e1 modr\u00e1 s jemn\u00fdm leskem<br \/>Minimalistick\u00fd, nad\u010dasov\u00fd tvar s <br \/>odep\u00ednac\u00edm ko\u017een\u00fdm popruhem.<\/p>","protected":false},"featured_media":2673,"template":"","meta":[],"product_brand":[],"product_cat":[108],"product_tag":[],"class_list":{"0":"post-2625","1":"product","2":"type-product","3":"status-publish","4":"has-post-thumbnail","6":"product_cat-doplnky","8":"first","9":"instock","10":"shipping-taxable","11":"purchasable","12":"product-type-simple"},"_links":{"self":[{"href":"https:\/\/kaku-handmade.cz\/en\/wp-json\/wp\/v2\/product\/2625","targetHints":{"allow":["GET"]}}],"collection":[{"href":"https:\/\/kaku-handmade.cz\/en\/wp-json\/wp\/v2\/product"}],"about":[{"href":"https:\/\/kaku-handmade.cz\/en\/wp-json\/wp\/v2\/types\/product"}],"wp:featuredmedia":[{"embeddable":true,"href":"https:\/\/kaku-handmade.cz\/en\/wp-json\/wp\/v2\/media\/2673"}],"wp:attachment":[{"href":"https:\/\/kaku-handmade.cz\/en\/wp-json\/wp\/v2\/media?parent=2625"}],"wp:term":[{"taxonomy":"product_brand","embeddable":true,"href":"https:\/\/kaku-handmade.cz\/en\/wp-json\/wp\/v2\/product_brand?post=2625"},{"taxonomy":"product_cat","embeddable":true,"href":"https:\/\/kaku-handmade.cz\/en\/wp-json\/wp\/v2\/product_cat?post=2625"},{"taxonomy":"product_tag","embeddable":true,"href":"https:\/\/kaku-handmade.cz\/en\/wp-json\/wp\/v2\/product_tag?post=2625"}],"curies":[{"name":"wp","href":"https:\/\/api.w.org\/{rel}","templated":true}]}}