{"id":2627,"date":"2026-01-23T12:19:45","date_gmt":"2026-01-23T11:19:45","guid":{"rendered":"https:\/\/kaku-handmade.cz\/?post_type=product&#038;p=2627"},"modified":"2026-01-27T18:57:02","modified_gmt":"2026-01-27T17:57:02","slug":"barefoot-zimni-snehule","status":"publish","type":"product","link":"https:\/\/kaku-handmade.cz\/en\/product\/barefoot-zimni-snehule\/","title":{"rendered":"Barefoot zimn\u00ed sn\u011bhule"},"content":{"rendered":"<p>Barefoot zimn\u00ed sn\u011bhule vznikly s d\u016frazem na p\u0159irozen\u00fd pohyb chodidla a pohodl\u00ed. Kombinace pro\u0161\u00edvan\u00e9ho \u0161us\u0165\u00e1ku, hladk\u00e9 k\u016f\u017ee a ber\u00e1nka, zaji\u0161\u0165uje teplo v chladn\u00fdch zimn\u00edch dnech.<br \/>Vnit\u0159ek boty tvo\u0159\u00ed ber\u00e1nkkov\u00e1 pod\u0161\u00edvka s membr\u00e1nou, kter\u00e1 pom\u00e1h\u00e1 udr\u017eet teplo a z\u00e1rove\u0148 zvy\u0161uje komfort p\u0159i no\u0161en\u00ed. St\u0159ih respektuje anatomii chodidla &#8211; \u0161irok\u00e1 \u0161pi\u010dka d\u00e1v\u00e1 prst\u016fm prostor pracovat p\u0159irozen\u011b, bez stla\u010den\u00ed.<br \/>D\u00edky barefoot konstrukci je podr\u00e1\u017eka tenk\u00e1 a flexibiln\u00ed, tak\u017ee umo\u017e\u0148uje vn\u00edmat ter\u00e9n a podporuje zdrav\u00fd styl ch\u016fze. Sn\u011bhule jsou vhodn\u00e9 pro m\u011bstsk\u00e9 zimn\u00ed no\u0161en\u00ed, proch\u00e1zky i b\u011b\u017en\u00e9 denn\u00ed fungov\u00e1n\u00ed v chladn\u00e9m po\u010das\u00ed.<\/p>\n<p>Ka\u017ed\u00fd p\u00e1r je ru\u010dn\u011b vyr\u00e1b\u011bn\u00fd v mal\u00e9m mno\u017estv\u00ed, s d\u016frazem na kvalitu materi\u00e1l\u016f a dlouhou \u017eivostnost &#8211; v souladu s principy slow fashion.<\/p>\n<p>Typ: barefoot zimn\u00ed sn\u011bhule<br \/>Vrchn\u00ed materi\u00e1l: hladk\u00e1 k\u016f\u017ee+pro\u0161\u00edvan\u00fd \u0161us\u0165\u00e1k<br \/>Pod\u0161\u00edvka: ber\u00e1nek s membr\u00e1nou<br \/>St\u0159ih: anantomick\u00fd, \u0161irok\u00e1 \u0161pi\u010dka<br \/>Pode\u0161ev: tenk\u00e1 4,5mm, flexibiln\u00ed, bez dropu<br \/>V\u00fdroba: ru\u010dn\u00ed vy\u00fdroba v \u010cR<\/p>","protected":false},"excerpt":{"rendered":"<p>Ru\u010dn\u011b \u0161it\u00e9 barefoot zimn\u00ed sn\u011bhule. Kombinace hladk\u00e9 k\u016f\u017ee a pro\u0161\u00edvan\u00e9ho \u0161us\u0165\u00e1ku. H\u0159ejiv\u00e1 pod\u0161\u00edvka z ber\u00e1nka s membr\u00e1nou.<br \/>Dostatek prostoru pro prsty (anatomick\u00fd tvar).<\/p>","protected":false},"featured_media":2629,"template":"","meta":[],"product_brand":[],"product_cat":[58],"product_tag":[],"class_list":{"0":"post-2627","1":"product","2":"type-product","3":"status-publish","4":"has-post-thumbnail","6":"product_cat-kotnikove","8":"first","9":"instock","10":"shipping-taxable","11":"purchasable","12":"product-type-variable","13":"has-default-attributes"},"_links":{"self":[{"href":"https:\/\/kaku-handmade.cz\/en\/wp-json\/wp\/v2\/product\/2627","targetHints":{"allow":["GET"]}}],"collection":[{"href":"https:\/\/kaku-handmade.cz\/en\/wp-json\/wp\/v2\/product"}],"about":[{"href":"https:\/\/kaku-handmade.cz\/en\/wp-json\/wp\/v2\/types\/product"}],"wp:featuredmedia":[{"embeddable":true,"href":"https:\/\/kaku-handmade.cz\/en\/wp-json\/wp\/v2\/media\/2629"}],"wp:attachment":[{"href":"https:\/\/kaku-handmade.cz\/en\/wp-json\/wp\/v2\/media?parent=2627"}],"wp:term":[{"taxonomy":"product_brand","embeddable":true,"href":"https:\/\/kaku-handmade.cz\/en\/wp-json\/wp\/v2\/product_brand?post=2627"},{"taxonomy":"product_cat","embeddable":true,"href":"https:\/\/kaku-handmade.cz\/en\/wp-json\/wp\/v2\/product_cat?post=2627"},{"taxonomy":"product_tag","embeddable":true,"href":"https:\/\/kaku-handmade.cz\/en\/wp-json\/wp\/v2\/product_tag?post=2627"}],"curies":[{"name":"wp","href":"https:\/\/api.w.org\/{rel}","templated":true}]}}