{"id":2642,"date":"2026-01-26T16:31:33","date_gmt":"2026-01-26T15:31:33","guid":{"rendered":"https:\/\/kaku-handmade.cz\/?post_type=product&#038;p=2642"},"modified":"2026-01-27T18:40:22","modified_gmt":"2026-01-27T17:40:22","slug":"barefoot-boty-terra-high","status":"publish","type":"product","link":"https:\/\/kaku-handmade.cz\/en\/product\/barefoot-boty-terra-high\/","title":{"rendered":"Barefoot boty TERRA kotn\u00edkov\u00e9"},"content":{"rendered":"<p>Kotn\u00edkov\u00e9 barefoot boty KAKU Terra High vznikly z pot\u0159eby m\u00edt boty, kter\u00e9 chr\u00e1n\u00ed nohy v chladn\u011bj\u0161\u00edm obdob\u00ed, ale z\u00e1rove\u0148 neomezuj\u00ed p\u0159irozen\u00fd pohyb.<\/p>\n<p>Jsou vyroben\u00e9 z kvalitn\u00ed hladk\u00e9 k\u016f\u017ee a cel\u00e9 pod\u0161it\u00e9 k\u016f\u017e\u00ed, d\u00edky \u010demu\u017e poskytuj\u00ed p\u0159\u00edjemn\u00fd tepeln\u00fd komfort na podzim i v zimn\u00edch dnech bez siln\u00fdch mraz\u016f. Tenk\u00e1 a flexibiln\u00ed podr\u00e1\u017eka umo\u017e\u0148uje c\u00edtit ter\u00e9n a podporuje p\u0159irozenou pr\u00e1ci chodidla.<\/p>\n<p>Anatomick\u00fd tvar respektuje p\u0159irozen\u00e9 rozlo\u017een\u00ed prst\u016f, \u0161n\u011brov\u00e1n\u00ed zaji\u0161\u0165uje pevn\u00e9 dota\u017een\u00ed a praktick\u00fd zip na vnit\u0159n\u00ed stran\u011b usnad\u0148uje ka\u017edodenn\u00ed obouv\u00e1n\u00ed.<br \/>Minimalistick\u00fd design bez zbyte\u010dn\u00fdch detail\u016f z nich d\u011bl\u00e1 nad\u010dasov\u00fd kousek, kter\u00fd se hod\u00ed jak do m\u011bsta, tak na ka\u017edodenn\u00ed no\u0161en\u00ed.<\/p>\n<p>Boty vznikaj\u00ed ru\u010dn\u011b, v mal\u00e9m mno\u017estv\u00ed, s d\u016frazem na kvalitu, funk\u010dnost a udr\u017eitelnost \u2013 v duchu slow fashion.<\/p>","protected":false},"excerpt":{"rendered":"<p>Ru\u010dn\u011b vyr\u00e1b\u011bn\u00e9 barefoot boty,<br \/>celopod\u0161it\u00e9 jemnou k\u016f\u017e\u00ed,<br \/>vhodn\u00e9 na podzim i m\u00edrnou zimu. Tenk\u00e1 flexibiln\u00ed podr\u00e1\u017eka<br \/>anatomick\u00fd tvar \u2013 prostor pro prsty<br \/>\u0161n\u011brov\u00e1n\u00ed + zip pro snadn\u00e9 obouv\u00e1n\u00ed.<\/p>\n<p><\/p>","protected":false},"featured_media":2641,"template":"","meta":[],"product_brand":[],"product_cat":[58],"product_tag":[],"class_list":{"0":"post-2642","1":"product","2":"type-product","3":"status-publish","4":"has-post-thumbnail","6":"product_cat-kotnikove","8":"first","9":"instock","10":"shipping-taxable","11":"purchasable","12":"product-type-variable","13":"has-default-attributes"},"_links":{"self":[{"href":"https:\/\/kaku-handmade.cz\/en\/wp-json\/wp\/v2\/product\/2642","targetHints":{"allow":["GET"]}}],"collection":[{"href":"https:\/\/kaku-handmade.cz\/en\/wp-json\/wp\/v2\/product"}],"about":[{"href":"https:\/\/kaku-handmade.cz\/en\/wp-json\/wp\/v2\/types\/product"}],"wp:featuredmedia":[{"embeddable":true,"href":"https:\/\/kaku-handmade.cz\/en\/wp-json\/wp\/v2\/media\/2641"}],"wp:attachment":[{"href":"https:\/\/kaku-handmade.cz\/en\/wp-json\/wp\/v2\/media?parent=2642"}],"wp:term":[{"taxonomy":"product_brand","embeddable":true,"href":"https:\/\/kaku-handmade.cz\/en\/wp-json\/wp\/v2\/product_brand?post=2642"},{"taxonomy":"product_cat","embeddable":true,"href":"https:\/\/kaku-handmade.cz\/en\/wp-json\/wp\/v2\/product_cat?post=2642"},{"taxonomy":"product_tag","embeddable":true,"href":"https:\/\/kaku-handmade.cz\/en\/wp-json\/wp\/v2\/product_tag?post=2642"}],"curies":[{"name":"wp","href":"https:\/\/api.w.org\/{rel}","templated":true}]}}