{"id":2662,"date":"2026-02-02T08:53:39","date_gmt":"2026-02-02T07:53:39","guid":{"rendered":"https:\/\/kaku-handmade.cz\/?post_type=product&#038;p=2662"},"modified":"2026-02-02T10:42:04","modified_gmt":"2026-02-02T09:42:04","slug":"clip-go-3","status":"publish","type":"product","link":"https:\/\/kaku-handmade.cz\/en\/product\/clip-go-3\/","title":{"rendered":"Clip &amp; go-modr\u00e1"},"content":{"rendered":"<p>Clip &amp; go jsou odep\u00ednac\u00ed ma\u0161li\u010dky navr\u017een\u00e9 pro barefoot baler\u00edny a sand\u00e1lky z m\u00e9 d\u00edlny.<br \/>Umo\u017e\u0148uj\u00ed m\u00edt jedny boty v n\u011bkolika podob\u00e1ch \u2013 minimalistick\u00e9 na den, jemn\u011b elegantn\u00ed na ve\u010der.<\/p>","protected":false},"excerpt":{"rendered":"<p>Jemn\u00fd dopln\u011bk, kter\u00fd b\u011bhem chvilky zm\u011bn\u00ed vzhled bareoot bot.<br \/>P\u0159ipni, odepni, p\u0159izp\u016fsob podle n\u00e1lady.<\/p>","protected":false},"featured_media":2672,"template":"","meta":[],"product_brand":[],"product_cat":[55,108,54],"product_tag":[],"class_list":{"0":"post-2662","1":"product","2":"type-product","3":"status-publish","4":"has-post-thumbnail","6":"product_cat-baleriny","7":"product_cat-doplnky","8":"product_cat-sandalky","10":"first","11":"instock","12":"shipping-taxable","13":"purchasable","14":"product-type-simple"},"_links":{"self":[{"href":"https:\/\/kaku-handmade.cz\/en\/wp-json\/wp\/v2\/product\/2662","targetHints":{"allow":["GET"]}}],"collection":[{"href":"https:\/\/kaku-handmade.cz\/en\/wp-json\/wp\/v2\/product"}],"about":[{"href":"https:\/\/kaku-handmade.cz\/en\/wp-json\/wp\/v2\/types\/product"}],"wp:featuredmedia":[{"embeddable":true,"href":"https:\/\/kaku-handmade.cz\/en\/wp-json\/wp\/v2\/media\/2672"}],"wp:attachment":[{"href":"https:\/\/kaku-handmade.cz\/en\/wp-json\/wp\/v2\/media?parent=2662"}],"wp:term":[{"taxonomy":"product_brand","embeddable":true,"href":"https:\/\/kaku-handmade.cz\/en\/wp-json\/wp\/v2\/product_brand?post=2662"},{"taxonomy":"product_cat","embeddable":true,"href":"https:\/\/kaku-handmade.cz\/en\/wp-json\/wp\/v2\/product_cat?post=2662"},{"taxonomy":"product_tag","embeddable":true,"href":"https:\/\/kaku-handmade.cz\/en\/wp-json\/wp\/v2\/product_tag?post=2662"}],"curies":[{"name":"wp","href":"https:\/\/api.w.org\/{rel}","templated":true}]}}