{"id":2700,"date":"2026-03-19T17:34:29","date_gmt":"2026-03-19T16:34:29","guid":{"rendered":"https:\/\/kaku-handmade.cz\/?post_type=product&#038;p=2700"},"modified":"2026-03-19T18:12:00","modified_gmt":"2026-03-19T17:12:00","slug":"sandalky-s-uazvrenou-spickou-elegant","status":"publish","type":"product","link":"https:\/\/kaku-handmade.cz\/en\/product\/sandalky-s-uazvrenou-spickou-elegant\/","title":{"rendered":"Sand\u00e1lky s uazv\u0159enou \u0161pi\u010dkou- elegant"},"content":{"rendered":"<p>Minimalismus, kter\u00fd nep\u0159ehl\u00e9dnete.<\/p>\n<p>Tyto barefoot sand\u00e1lky spojuj\u00ed \u010dist\u00fd design s maxim\u00e1ln\u00edm komfortem. Jemn\u00e1 k\u016f\u017ee, decentn\u00ed st\u0159ih a tenk\u00fd p\u00e1sek kolem kotn\u00edku vytv\u00e1\u0159\u00ed elegantn\u00ed siluetu, kter\u00e1 se hod\u00ed jak k \u0161at\u016fm, tak k le\u017e\u00e9rn\u00edmu outfitu.<\/p>\n<p>D\u00edky barefoot konstrukci nech\u00e1vaj\u00ed chodidlo pracovat p\u0159irozen\u011b \u2013 bez zbyte\u010dn\u00e9ho omezen\u00ed. Jsou lehk\u00e9, m\u011bkk\u00e9 a p\u0159izp\u016fsob\u00ed se ka\u017ed\u00e9mu kroku, tak\u017ee je na noze t\u00e9m\u011b\u0159 nec\u00edt\u00edte.<\/p>\n<p>Pro\u010d si je zamilujete:<\/p>\n<p>p\u0159irozen\u00fd pohyb bez kompromis\u016f<br \/>m\u011bkk\u00e1, kvalitn\u00ed k\u016f\u017ee<br \/>lehkost a flexibilita<br \/>nad\u010dasov\u00fd minimalistick\u00fd vzhled<br \/>vhodn\u00e9 na ka\u017ed\u00fd den i v\u00fdjime\u010dn\u00e9 chv\u00edle<\/p>\n<p>Jednoduch\u00e9. Funk\u010dn\u00ed. P\u0159irozen\u00e9.<\/p>","protected":false},"excerpt":{"rendered":"<p>Lehk\u00e9 barefoot sand\u00e1lky z jemn\u00e9 k\u016f\u017ee s p\u00e1skem kolem kotn\u00edku pro jist\u00fd krok. P\u0159irozen\u00fd tvar, maxim\u00e1ln\u00ed pohodl\u00ed a nad\u010dasov\u00e1 elegance pro ka\u017ed\u00fd den i v\u00fdjime\u010dn\u00e9 chv\u00edle. Ru\u010dn\u011b vyr\u00e1b\u011bn\u00e9.<\/p>","protected":false},"featured_media":2701,"template":"","meta":[],"product_brand":[],"product_cat":[54],"product_tag":[],"class_list":{"0":"post-2700","1":"product","2":"type-product","3":"status-publish","4":"has-post-thumbnail","6":"product_cat-sandalky","8":"first","9":"instock","10":"shipping-taxable","11":"purchasable","12":"product-type-variable","13":"has-default-attributes"},"_links":{"self":[{"href":"https:\/\/kaku-handmade.cz\/en\/wp-json\/wp\/v2\/product\/2700","targetHints":{"allow":["GET"]}}],"collection":[{"href":"https:\/\/kaku-handmade.cz\/en\/wp-json\/wp\/v2\/product"}],"about":[{"href":"https:\/\/kaku-handmade.cz\/en\/wp-json\/wp\/v2\/types\/product"}],"wp:featuredmedia":[{"embeddable":true,"href":"https:\/\/kaku-handmade.cz\/en\/wp-json\/wp\/v2\/media\/2701"}],"wp:attachment":[{"href":"https:\/\/kaku-handmade.cz\/en\/wp-json\/wp\/v2\/media?parent=2700"}],"wp:term":[{"taxonomy":"product_brand","embeddable":true,"href":"https:\/\/kaku-handmade.cz\/en\/wp-json\/wp\/v2\/product_brand?post=2700"},{"taxonomy":"product_cat","embeddable":true,"href":"https:\/\/kaku-handmade.cz\/en\/wp-json\/wp\/v2\/product_cat?post=2700"},{"taxonomy":"product_tag","embeddable":true,"href":"https:\/\/kaku-handmade.cz\/en\/wp-json\/wp\/v2\/product_tag?post=2700"}],"curies":[{"name":"wp","href":"https:\/\/api.w.org\/{rel}","templated":true}]}}