{"id":2729,"date":"2026-04-09T14:27:37","date_gmt":"2026-04-09T13:27:37","guid":{"rendered":"https:\/\/kaku-handmade.cz\/?post_type=product&#038;p=2729"},"modified":"2026-04-09T14:32:33","modified_gmt":"2026-04-09T13:32:33","slug":"sitovane-kecky-cerne","status":"publish","type":"product","link":"https:\/\/kaku-handmade.cz\/en\/product\/sitovane-kecky-cerne\/","title":{"rendered":"S\u00ed\u0165ovan\u00e9 kecky-\u010dern\u00e9"},"content":{"rendered":"<p>Tyto barefoot s\u00ed\u0165ovan\u00e9 kecky jsou ide\u00e1ln\u00ed volbou pro ka\u017edodenn\u00ed no\u0161en\u00ed v teplej\u0161\u00edm po\u010das\u00ed. Vynikaj\u00ed extr\u00e9mn\u00ed lehkost\u00ed a prody\u0161n\u00fdm svr\u0161kem ze s\u00ed\u0165oviny, kter\u00fd zaji\u0161\u0165uje maxim\u00e1ln\u00ed ventilaci a komfort i p\u0159i celodenn\u00edm no\u0161en\u00ed.<br \/>D\u00edky barefoot konstrukci podporuj\u00ed p\u0159irozen\u00fd pohyb chodidla, maj\u00ed flexibiln\u00ed podr\u00e1\u017eku a dostatek prostoru pro prsty. Minimalistick\u00fd design v kombinaci s praktick\u00fdm \u0161n\u011brov\u00e1n\u00edm se snadno p\u0159izp\u016fsob\u00ed r\u016fzn\u00fdm outfit\u016fm \u2013 od volno\u010dasov\u00fdch a\u017e po sportovn\u011b lad\u011bn\u00e9.<br \/><img decoding=\"async\" role=\"img\" class=\"emoji\" src=\"https:\/\/s.w.org\/images\/core\/emoji\/17.0.2\/svg\/2714.svg\" alt=\"\u2714\"> ultralehk\u00e9 proveden\u00ed<br \/><img decoding=\"async\" role=\"img\" class=\"emoji\" src=\"https:\/\/s.w.org\/images\/core\/emoji\/17.0.2\/svg\/2714.svg\" alt=\"\u2714\"> vysoce prody\u0161n\u00e1 s\u00ed\u0165ovina<br \/><img decoding=\"async\" role=\"img\" class=\"emoji\" src=\"https:\/\/s.w.org\/images\/core\/emoji\/17.0.2\/svg\/2714.svg\" alt=\"\u2714\"> flexibiln\u00ed barefoot podr\u00e1\u017eka<br \/><img decoding=\"async\" role=\"img\" class=\"emoji\" src=\"https:\/\/s.w.org\/images\/core\/emoji\/17.0.2\/svg\/2714.svg\" alt=\"\u2714\"> pohodln\u00e9 i na del\u0161\u00ed no\u0161en\u00ed<br \/><img decoding=\"async\" role=\"img\" class=\"emoji\" src=\"https:\/\/s.w.org\/images\/core\/emoji\/17.0.2\/svg\/2714.svg\" alt=\"\u2714\"> modern\u00ed a univerz\u00e1ln\u00ed vzhled<br \/>Skv\u011bl\u00e1 volba pro v\u0161echny, kte\u0159\u00ed hledaj\u00ed pohodl\u00ed, svobodu pohybu a sv\u011b\u017e\u00ed pocit na ka\u017ed\u00e9m kroku.<\/p>","protected":false},"excerpt":{"rendered":"<p><strong>Lehk\u00e9 barefoot kecky<\/strong> se s\u00ed\u0165ovan\u00fdm svr\u0161kem pro maxim\u00e1ln\u00ed prody\u0161nost a pohodl\u00ed. Flexibiln\u00ed podr\u00e1\u017eka podporuje p\u0159irozen\u00fd pohyb chodidla, ide\u00e1ln\u00ed na ka\u017edodenn\u00ed no\u0161en\u00ed v tepl\u00e9m po\u010das\u00ed.<\/p>","protected":false},"featured_media":2723,"template":"","meta":[],"product_brand":[],"product_cat":[56],"product_tag":[],"class_list":{"0":"post-2729","1":"product","2":"type-product","3":"status-publish","4":"has-post-thumbnail","6":"product_cat-polobotky-tenisky","8":"first","9":"instock","10":"shipping-taxable","11":"purchasable","12":"product-type-variable","13":"has-default-attributes"},"_links":{"self":[{"href":"https:\/\/kaku-handmade.cz\/en\/wp-json\/wp\/v2\/product\/2729","targetHints":{"allow":["GET"]}}],"collection":[{"href":"https:\/\/kaku-handmade.cz\/en\/wp-json\/wp\/v2\/product"}],"about":[{"href":"https:\/\/kaku-handmade.cz\/en\/wp-json\/wp\/v2\/types\/product"}],"wp:featuredmedia":[{"embeddable":true,"href":"https:\/\/kaku-handmade.cz\/en\/wp-json\/wp\/v2\/media\/2723"}],"wp:attachment":[{"href":"https:\/\/kaku-handmade.cz\/en\/wp-json\/wp\/v2\/media?parent=2729"}],"wp:term":[{"taxonomy":"product_brand","embeddable":true,"href":"https:\/\/kaku-handmade.cz\/en\/wp-json\/wp\/v2\/product_brand?post=2729"},{"taxonomy":"product_cat","embeddable":true,"href":"https:\/\/kaku-handmade.cz\/en\/wp-json\/wp\/v2\/product_cat?post=2729"},{"taxonomy":"product_tag","embeddable":true,"href":"https:\/\/kaku-handmade.cz\/en\/wp-json\/wp\/v2\/product_tag?post=2729"}],"curies":[{"name":"wp","href":"https:\/\/api.w.org\/{rel}","templated":true}]}}